{"id":11262,"date":"2025-05-23T10:35:07","date_gmt":"2025-05-23T10:35:07","guid":{"rendered":"https:\/\/www.sanfelipe.eus\/?page_id=11262"},"modified":"2025-05-23T10:39:20","modified_gmt":"2025-05-23T10:39:20","slug":"2025-acta-extraordinaria","status":"publish","type":"page","link":"https:\/\/www.sanfelipe.eus\/es\/documentacion\/asanbladen-akta-laburpenak\/2025-acta-extraordinaria\/","title":{"rendered":"2025 ACTA EXTRAORDINARIA"},"content":{"rendered":"\n<p><strong>ACTA DE LA JUNTA GENERAL EXTRAORDINARIA DE SAN FELIPE ELKARLAGUNTZA ELKARTEA<\/strong><\/p>\n\n\n\n<p>A las 11,30 horas del <strong>12 de Abril de 2025<\/strong>, en segunda convocatoria, en la sala magna de <strong>Kulturate<\/strong>, dirigido por <strong>Ander Etxeberria Otadui<\/strong> y con la asistencia de 29 personas entre presentes y representadas, tiene lugar la Asamblea General Extraordinaria de la San Felipe Elkarlaguntza Elkartea,<\/p>\n\n\n\n<p>Tras el correspondiente saludo, Ander Etxeberria Otadui, explica lo siguiente: en la Asamblea General Ordinaria celebrada minutos antes (iniciada a las 9:30 en segunda convocatoria), Adelaida Maidagan era elegida presidenta de la Entidad y Ander Etxeberria cesaba en el cargo de presidente. No obstante, al haber sido Ander Etxeberria Otadui quien ha dirigido todo el proceso de propuesta de modificaci\u00f3n de los estatutos sociales de la entidad, Adelaida Maidagan delega en Ander Etxeberria Otadui la funci\u00f3n de presidir esta Asamblea General Extraordinaria. No obstante, se plantea a la propia asamblea que sea Ander Etxeberria quien dirija la Asamblea y las personas socias responden afirmativamente por unanimidad.<\/p>\n\n\n\n<p>Y da comienzo a la Asamblea con el siguiente:<\/p>\n\n\n\n<p><strong>Orden del d\u00eda<\/strong><\/p>\n\n\n\n<ol type=\"1\"><li>Elecci\u00f3n de 2 personas socias para aprobar el acta de la reuni\u00f3n<\/li><li>Aprobaci\u00f3n de la modificaci\u00f3n de los Estatutos Sociales de San Felipe Elkarlaguntza Elkartea<\/li><li>Ruegos y preguntas<\/li><\/ol>\n\n\n\n<p><strong>&nbsp;1.-&nbsp;&nbsp;&nbsp;&nbsp;&nbsp;&nbsp;&nbsp; Elecci\u00f3n de dos personas socias para la aprobaci\u00f3n del acta de la reuni\u00f3n<\/strong><\/p>\n\n\n\n<p>Ander Etxeberria Otadui hace saber a los asistentes la necesidad de nombrar a dos personas Socias para que, en compa\u00f1\u00eda del Presidente y Secretario de la Entidad, puedan aprobar el Acta de la Asamblea actual con el fin de enviarla al Gobierno Vasco en los plazos establecidos por \u00e9ste.<\/p>\n\n\n\n<p>Ander Etxeberria Otadui propone en nombre de la Junta de Gobierno a las siguientes personas:<\/p>\n\n\n\n<p><strong>Beatriz Belategi Bidaburu, socia n\u00ba 6832<\/strong><\/p>\n\n\n\n<p><strong>Rufino Ugarte Garai, socio n\u00ba 3.966,<\/strong><strong><\/strong><\/p>\n\n\n\n<p>Se toma el siguiente<\/p>\n\n\n\n<p>ACUERDO.<\/p>\n\n\n\n<p><strong>Nombrar a las mencionadas dos personas socias para el examen y aprobaci\u00f3n del acta de esta Asamblea General Extraordinaria<\/strong><\/p>\n\n\n\n<p><strong>2-&nbsp;&nbsp;&nbsp;&nbsp;&nbsp;&nbsp;&nbsp;&nbsp; <\/strong><strong>Aprobaci\u00f3n de la modificaci\u00f3n de los Estatutos Sociales de San Felipe<\/strong><\/p>\n\n\n\n<p><strong>&nbsp;&nbsp;&nbsp;&nbsp;&nbsp;&nbsp;&nbsp;&nbsp;&nbsp;&nbsp;&nbsp; Elkarlaguntza Elkartea.<\/strong><\/p>\n\n\n\n<p>Ander Etxeberria Otadui comenta que la actualizaci\u00f3n de los estatutos sociales de San Felipe Elkarlaguntza Elkartea E.P.S.V. viene determinada por:<\/p>\n\n\n\n<p>Redacci\u00f3n que tenga en cuenta el g\u00e9nero<\/p>\n\n\n\n<p>Mejorar la claridad de los art\u00edculos y su organizaci\u00f3n<\/p>\n\n\n\n<p>&nbsp;&nbsp;&nbsp;&nbsp;&nbsp;&nbsp;&nbsp;&nbsp;&nbsp;&nbsp;&nbsp; Respuesta a los cambios sociales<\/p>\n\n\n\n<p>&nbsp;&nbsp;&nbsp;&nbsp;&nbsp;&nbsp;&nbsp;&nbsp;&nbsp;&nbsp;&nbsp; Otras cuestiones a mejorar<\/p>\n\n\n\n<p>A continuaci\u00f3n, Ander Etxeberria Otadui pasa a explicar el proceso que se ha llevado a cabo.<\/p>\n\n\n\n<p>En mayo de 2024 creamos un comit\u00e9 dentro de la Junta de Gobierno (Joseba Larra\u00f1aga, Arantxa Sanz, Ander Etxeberria) y Rufino Ugarte.<\/p>\n\n\n\n<p>En noviembre de 2024 ampliamos el comit\u00e9 con I\u00f1aki Aranburu, Javier Bengoa, Juan Ramon I\u00f1urria, Jose Julio Heriz, Adelaida Maidagan, Juan Jose Pagalday.<\/p>\n\n\n\n<p>Se realizan contrastes puntuales con la Junta de Gobierno, que aprob\u00f3 la propuesta a finales de febrero de 2025.<\/p>\n\n\n\n<p>En marzo de 2025 se comparte la propuesta con todo el colectivo para su an\u00e1lisis y aportaciones.<\/p>\n\n\n\n<p>Ander Etxeberria Otadui comenta que el colectivo no ha presentado aportaciones ni modificaciones al texto presentado.<\/p>\n\n\n\n<p>Expone a la reuni\u00f3n que todos los art\u00edculos, excepto dos, han experimentado alg\u00fan cambio. Adem\u00e1s, ha habido art\u00edculos que se han sumado y otros que se han eliminado por ser redundantes o por unificarlos en otros al considerarlo m\u00e1s conveniente. Por ello, propone explicar solo las modificaciones m\u00e1s significativas. El colectivo responde afirmativamente.<\/p>\n\n\n\n<p>En todas las Asambleas Generales los acuerdos ser\u00e1n adoptados por la mayor\u00eda simple de votos, excepto los determinados en los presentes Estatutos. Sin embargo, la Aprobaci\u00f3n y Modificaci\u00f3n de Estatutos, Fusi\u00f3n, Federaci\u00f3n y disoluci\u00f3n de la Entidad, exigir\u00e1 mayor\u00eda de 2\/3 de las personas socias Titulares (o sus representantes) asistentes a la Asamblea General en que se traten los temas en cuesti\u00f3n.<\/p>\n\n\n\n<p>Teniendo en cuenta lo anteriormente expuesto, Ander Etxeberria, en base al sentir previo de la Junta de Gobierno, propone votar el conjunto de la propuesta de nuevos estatutos y hacerlo a mano alzada, procedimiento que se acepta.<\/p>\n\n\n\n<p>A continuaci\u00f3n, Ander Etxeberria Otadui explica y justifica los cambios m\u00e1s significativos, que son los siguientes:<\/p>\n\n\n\n<ul><li>El nuevo articulado aclara que es la Asamblea la que toma la decisi\u00f3n de trasladar el domicilio social dentro del t\u00e9rmino de Mondrag\u00f3n y autoriza a la Junta de Gobierno para su traslado.<\/li><li>Se incluye que la entidad act\u00faa, en relaci\u00f3n a los bienes, de acuerdo con el plan de inversiones vigente.<\/li><li>Se define que las personas socias de n\u00famero son aquellas que pueden recibir las prestaciones<\/li><li>Se aclara que la persona socia cotitular es aquella que es c\u00f3nyuge o pareja de la persona socia titular. Asimismo, se dice qui\u00e9n no forma parte del grupo familiar aun viviendo en el mismo domicilio.<\/li><li>Explicita que tras una separaci\u00f3n o divorcio hay que comunicar a San Felipe la nueva situaci\u00f3n.<\/li><li>Se pasa, como condici\u00f3n de acceso a miembro de San Felipe, de tener perfecto estado de salud a tener buen estado de salud.<\/li><li>Se incluye que las personas socias protectoras deber\u00e1n acompa\u00f1ar a su solicitud de ingreso un documento donde informen sobre su contribuci\u00f3n al sostenimiento y desarrollo de la Entidad.<\/li><li>Se ampl\u00eda de dos meses a tres meses el periodo en el que los hijos e hijas de una persona socia titular o cotitular tengan cubiertas las prestaciones recogidas en estos estatutos desde la fecha de su nacimiento o adopci\u00f3n. Ello no obstante ser muy inusual el fallecimiento en edades tan tempranas.<\/li><li>Se elimina que la persona que haya ocupado un cargo en la Junta de Gobierno est\u00e9 obligada transcurridos 20 a\u00f1os a aceptar un nuevo mandato, si es elegida.<\/li><li>Se introduce mayor detalle en cuanto al traslado del cuerpo en caso de fallecimiento en territorio estatal y se incluye, con un copago del 25%, la posibilidad de que el lugar sea diferente al registrado en San Felipe o al que figura en el DNI.<\/li><li>Se incluyen la cobertura por p\u00e9rdidas gestacionales y por incineraci\u00f3n de extremidades amputadas, no obstante haber sido su petici\u00f3n muy inusual en San Felipe.<\/li><li>Se explicita que la prestaci\u00f3n econ\u00f3mica tambi\u00e9n est\u00e1 para cubrir los gastos de tanatorio y de incineraci\u00f3n, de manera que tanatorio e incineraci\u00f3n dejan de tener un tratamiento especial.<\/li><li>Se da la posibilidad de que los excedentes tambi\u00e9n incrementen las reservas voluntarias.<\/li><li>Se aclara el procedimiento de imposici\u00f3n de sanciones.<\/li><li>En el art\u00edculo referente a las facultades de la Asamblea General se recogen todas sus competencias, aunque algunas de ellas aparezcan tambi\u00e9n en otros art\u00edculos. Lo mismo en el caso de la Junta de Gobierno. A su vez, para este \u00faltimo \u00f3rgano, se detallan las funciones de los diferentes cargos.<\/li><li>Se da la posibilidad de que la Asamblea General Ordinaria designe suplentes para los cargos de la Junta de Gobierno.<\/li><li>Se fija en un m\u00e1ximo de dos las representaciones que una persona socia puede llevar a la Asamblea General.<\/li><li>Las actas de la Asamblea General se consultar\u00e1n en la oficina; no se publicar\u00e1n en la web.<\/li><li>La Junta de Gobierno pasa de tener seis vocales a tener cuatro.<\/li><li>Se incluyen incompatibilidades para que una persona socia pueda ser miembro de la Junta de Gobierno; no podr\u00e1n serlo aquellas personas que tuvieran una relaci\u00f3n directa, ya sea laboral, familiar o de cualquier otra \u00edndole, con empresas que pudieran incurrir en conflicto de intereses, como funerarias y aseguradora.<\/li><li>En lugar de especificar las funciones del personal de la oficina de San Felipe, se dice que dicho personal realizar\u00e1 todas las tareas que le asigne la Junta de Gobierno.<\/li><li>Se explicita que los ingresos por el alquiler del tanatorio nutrir\u00e1n el patrimonio social de la Entidad.<\/li><li>Se explicita que es la Junta de Gobierno quien interpreta los estatutos y lo har\u00e1 siempre teniendo en cuenta con car\u00e1cter prioritario los fines y principios recogidos en los art\u00edculos.<\/li><\/ul>\n\n\n\n<p>Tras las preguntas de los asistentes sobre algunos de los puntos, y las correspondientes explicaciones de Ander Etxeberria, se procede a su votaci\u00f3n. El nuevo articulado es aprobado por unanimidad.<\/p>\n\n\n\n<p><strong>ACUERDO<\/strong><\/p>\n\n\n\n<p><strong>Aceptar la modificaci\u00f3n de estatutos.<\/strong><\/p>\n\n\n\n<p>Tambi\u00e9n se toma el siguiente<\/p>\n\n\n\n<p><strong>ACUERDO<\/strong><\/p>\n\n\n\n<p><strong>Facultar a la Junta de Gobierno para que lleve a cabo las solicitudes de adecuaci\u00f3n, no sustanciales, que pudiera requerir el Gobierno Vasco.<\/strong><\/p>\n\n\n\n<p><strong>3 Ruegos y preguntas<\/strong><\/p>\n\n\n\n<p>No se suscita pregunta alguna.<\/p>\n\n\n\n<p>Sin m\u00e1s asuntos que tratar se da por terminada la Asamblea General Extraordinaria.<\/p>\n","protected":false},"excerpt":{"rendered":"<p>ACTA DE LA JUNTA GENERAL EXTRAORDINARIA DE SAN FELIPE ELKARLAGUNTZA ELKARTEA A las 11,30 horas del 12 de Abril de 2025, en segunda convocatoria, en la sala magna de Kulturate, dirigido por Ander Etxeberria Otadui y con la asistencia de 29 personas entre presentes y representadas, tiene lugar la Asamblea General Extraordinaria de la San [&hellip;]<\/p>\n","protected":false},"author":3,"featured_media":0,"parent":6318,"menu_order":27,"comment_status":"closed","ping_status":"closed","template":"","meta":[],"yoast_head":"<!-- This site is optimized with the Yoast SEO plugin v16.1.1 - https:\/\/yoast.com\/wordpress\/plugins\/seo\/ -->\n<link rel=\"canonical\" href=\"https:\/\/www.sanfelipe.eus\/es\/documentacion\/asanbladen-akta-laburpenak\/2025-acta-extraordinaria\/\" \/>\n<meta property=\"og:locale\" content=\"es_ES\" \/>\n<meta property=\"og:type\" content=\"article\" \/>\n<meta property=\"og:title\" content=\"2025 ACTA EXTRAORDINARIA - San Felipe Apostol\" \/>\n<meta property=\"og:description\" content=\"ACTA DE LA JUNTA GENERAL EXTRAORDINARIA DE SAN FELIPE ELKARLAGUNTZA ELKARTEA A las 11,30 horas del 12 de Abril de 2025, en segunda convocatoria, en la sala magna de Kulturate, dirigido por Ander Etxeberria Otadui y con la asistencia de 29 personas entre presentes y representadas, tiene lugar la Asamblea General Extraordinaria de la San [&hellip;]\" \/>\n<meta property=\"og:url\" content=\"https:\/\/www.sanfelipe.eus\/es\/documentacion\/asanbladen-akta-laburpenak\/2025-acta-extraordinaria\/\" \/>\n<meta property=\"og:site_name\" content=\"San Felipe Apostol\" \/>\n<meta property=\"article:modified_time\" content=\"2025-05-23T10:39:20+00:00\" \/>\n<meta name=\"twitter:card\" content=\"summary_large_image\" \/>\n<meta name=\"twitter:label1\" content=\"Tiempo de lectura\">\n\t<meta name=\"twitter:data1\" content=\"6 minutos\">\n<script type=\"application\/ld+json\" class=\"yoast-schema-graph\">{\"@context\":\"https:\/\/schema.org\",\"@graph\":[{\"@type\":\"WebSite\",\"@id\":\"https:\/\/www.sanfelipe.eus\/eu\/#website\",\"url\":\"https:\/\/www.sanfelipe.eus\/eu\/\",\"name\":\"San Felipe Apostol\",\"description\":\"Otro sitio realizado con WordPress\",\"potentialAction\":[{\"@type\":\"SearchAction\",\"target\":\"https:\/\/www.sanfelipe.eus\/eu\/?s={search_term_string}\",\"query-input\":\"required name=search_term_string\"}],\"inLanguage\":\"es\"},{\"@type\":\"WebPage\",\"@id\":\"https:\/\/www.sanfelipe.eus\/es\/documentacion\/asanbladen-akta-laburpenak\/2025-acta-extraordinaria\/#webpage\",\"url\":\"https:\/\/www.sanfelipe.eus\/es\/documentacion\/asanbladen-akta-laburpenak\/2025-acta-extraordinaria\/\",\"name\":\"2025 ACTA EXTRAORDINARIA - San Felipe Apostol\",\"isPartOf\":{\"@id\":\"https:\/\/www.sanfelipe.eus\/eu\/#website\"},\"datePublished\":\"2025-05-23T10:35:07+00:00\",\"dateModified\":\"2025-05-23T10:39:20+00:00\",\"breadcrumb\":{\"@id\":\"https:\/\/www.sanfelipe.eus\/es\/documentacion\/asanbladen-akta-laburpenak\/2025-acta-extraordinaria\/#breadcrumb\"},\"inLanguage\":\"es\",\"potentialAction\":[{\"@type\":\"ReadAction\",\"target\":[\"https:\/\/www.sanfelipe.eus\/es\/documentacion\/asanbladen-akta-laburpenak\/2025-acta-extraordinaria\/\"]}]},{\"@type\":\"BreadcrumbList\",\"@id\":\"https:\/\/www.sanfelipe.eus\/es\/documentacion\/asanbladen-akta-laburpenak\/2025-acta-extraordinaria\/#breadcrumb\",\"itemListElement\":[{\"@type\":\"ListItem\",\"position\":1,\"item\":{\"@type\":\"WebPage\",\"@id\":\"https:\/\/www.sanfelipe.eus\/es\/\",\"url\":\"https:\/\/www.sanfelipe.eus\/es\/\",\"name\":\"Home\"}},{\"@type\":\"ListItem\",\"position\":2,\"item\":{\"@type\":\"WebPage\",\"@id\":\"https:\/\/www.sanfelipe.eus\/es\/documentacion\/\",\"url\":\"https:\/\/www.sanfelipe.eus\/es\/documentacion\/\",\"name\":\"Socios\/as\"}},{\"@type\":\"ListItem\",\"position\":3,\"item\":{\"@type\":\"WebPage\",\"@id\":\"https:\/\/www.sanfelipe.eus\/es\/documentacion\/asanbladen-akta-laburpenak\/\",\"url\":\"https:\/\/www.sanfelipe.eus\/es\/documentacion\/asanbladen-akta-laburpenak\/\",\"name\":\"Actas de Asambleas\"}},{\"@type\":\"ListItem\",\"position\":4,\"item\":{\"@type\":\"WebPage\",\"@id\":\"https:\/\/www.sanfelipe.eus\/es\/documentacion\/asanbladen-akta-laburpenak\/2025-acta-extraordinaria\/\",\"url\":\"https:\/\/www.sanfelipe.eus\/es\/documentacion\/asanbladen-akta-laburpenak\/2025-acta-extraordinaria\/\",\"name\":\"2025 ACTA EXTRAORDINARIA\"}}]}]}<\/script>\n<!-- \/ Yoast SEO plugin. -->","_links":{"self":[{"href":"https:\/\/www.sanfelipe.eus\/es\/wp-json\/wp\/v2\/pages\/11262"}],"collection":[{"href":"https:\/\/www.sanfelipe.eus\/es\/wp-json\/wp\/v2\/pages"}],"about":[{"href":"https:\/\/www.sanfelipe.eus\/es\/wp-json\/wp\/v2\/types\/page"}],"author":[{"embeddable":true,"href":"https:\/\/www.sanfelipe.eus\/es\/wp-json\/wp\/v2\/users\/3"}],"replies":[{"embeddable":true,"href":"https:\/\/www.sanfelipe.eus\/es\/wp-json\/wp\/v2\/comments?post=11262"}],"version-history":[{"count":3,"href":"https:\/\/www.sanfelipe.eus\/es\/wp-json\/wp\/v2\/pages\/11262\/revisions"}],"predecessor-version":[{"id":11265,"href":"https:\/\/www.sanfelipe.eus\/es\/wp-json\/wp\/v2\/pages\/11262\/revisions\/11265"}],"up":[{"embeddable":true,"href":"https:\/\/www.sanfelipe.eus\/es\/wp-json\/wp\/v2\/pages\/6318"}],"wp:attachment":[{"href":"https:\/\/www.sanfelipe.eus\/es\/wp-json\/wp\/v2\/media?parent=11262"}],"curies":[{"name":"wp","href":"https:\/\/api.w.org\/{rel}","templated":true}]}}