{"id":125,"date":"2015-01-22T13:44:56","date_gmt":"2015-01-22T13:44:56","guid":{"rendered":"https:\/\/www.sanfelipe.eus\/?page_id=125"},"modified":"2023-01-16T12:14:43","modified_gmt":"2023-01-16T12:14:43","slug":"sobre-nosotros","status":"publish","type":"page","link":"https:\/\/www.sanfelipe.eus\/es\/sobre-nosotros\/","title":{"rendered":"SAN FELIPE"},"content":{"rendered":"<p>Creada en el a\u00f1o 1.898, es una entidad sin \u00e1nimo de lucro constituida bajo los principios de la solidaridad y la ayuda mutua, a la que nos unimos voluntariamente, para tener acceso a una cobertura de los gastos de sepelio y al traslado en caso de defunci\u00f3n de las personas socias, y proporcionar una prestaci\u00f3n econ\u00f3mica y ayuda emocional a sus familiares basados en la confianza, la reciprocidad y la transparencia en la gesti\u00f3n.<\/p>\n<p>Es una Entidad de Previsi\u00f3n Social Voluntaria (EPSV), legalmente constituida y registrada por la Direcci\u00f3n de Trabajo y Seguridad Social del Gobierno Vasco (Ley 5\/2012)<\/p>\n<p>Su \u00e1rea de cobertura se circunscribe a los asociados de Arrasate-Mondrag\u00f3n y municipios pr\u00f3ximos.<\/p>\n\n\n<h4>Datos generales<\/h4>\n\n\n\n<p><strong>Fecha de constituci\u00f3n<\/strong>: 13 de abril de 1898<br><strong>N\u00famero de Socios<\/strong>:\u00a0\u00a0\u00a0\u00a0\u00a0\u00a0\u00a0\u00a0 11.985 (31-12-2020)<\/p>\n\n\n\n<figure class=\"wp-block-embed is-type-video is-provider-youtube wp-block-embed-youtube wp-embed-aspect-16-9 wp-has-aspect-ratio\"><div class=\"wp-block-embed__wrapper\">\n<iframe loading=\"lazy\" title=\"San Felipe Beilatokia\" width=\"500\" height=\"281\" src=\"https:\/\/www.youtube.com\/embed\/E7XBwdTjpxo?feature=oembed\" frameborder=\"0\" allow=\"accelerometer; autoplay; clipboard-write; encrypted-media; gyroscope; picture-in-picture; web-share\" allowfullscreen><\/iframe>\n<\/div><\/figure>\n","protected":false},"excerpt":{"rendered":"<p>Creada en el a\u00f1o 1.898, es una entidad sin \u00e1nimo de lucro constituida bajo los principios de la solidaridad y la ayuda mutua, a la que nos unimos voluntariamente, para tener acceso a una cobertura de los gastos de sepelio y al traslado en caso de defunci\u00f3n de las personas socias, y proporcionar una prestaci\u00f3n [&hellip;]<\/p>\n","protected":false},"author":2,"featured_media":0,"parent":0,"menu_order":0,"comment_status":"closed","ping_status":"closed","template":"","meta":[],"yoast_head":"<!-- This site is optimized with the Yoast SEO plugin v16.1.1 - https:\/\/yoast.com\/wordpress\/plugins\/seo\/ -->\n<link rel=\"canonical\" href=\"https:\/\/www.sanfelipe.eus\/es\/sobre-nosotros\/\" \/>\n<meta property=\"og:locale\" content=\"es_ES\" \/>\n<meta property=\"og:type\" content=\"article\" \/>\n<meta property=\"og:title\" content=\"SAN FELIPE - San Felipe Apostol\" \/>\n<meta property=\"og:description\" content=\"Creada en el a\u00f1o 1.898, es una entidad sin \u00e1nimo de lucro constituida bajo los principios de la solidaridad y la ayuda mutua, a la que nos unimos voluntariamente, para tener acceso a una cobertura de los gastos de sepelio y al traslado en caso de defunci\u00f3n de las personas socias, y proporcionar una prestaci\u00f3n [&hellip;]\" \/>\n<meta property=\"og:url\" content=\"https:\/\/www.sanfelipe.eus\/es\/sobre-nosotros\/\" \/>\n<meta property=\"og:site_name\" content=\"San Felipe Apostol\" \/>\n<meta property=\"article:modified_time\" content=\"2023-01-16T12:14:43+00:00\" \/>\n<meta name=\"twitter:card\" content=\"summary_large_image\" \/>\n<meta name=\"twitter:label1\" content=\"Tiempo de lectura\">\n\t<meta name=\"twitter:data1\" content=\"1 minuto\">\n<script type=\"application\/ld+json\" class=\"yoast-schema-graph\">{\"@context\":\"https:\/\/schema.org\",\"@graph\":[{\"@type\":\"WebSite\",\"@id\":\"https:\/\/www.sanfelipe.eus\/eu\/#website\",\"url\":\"https:\/\/www.sanfelipe.eus\/eu\/\",\"name\":\"San Felipe Apostol\",\"description\":\"Otro sitio realizado con WordPress\",\"potentialAction\":[{\"@type\":\"SearchAction\",\"target\":\"https:\/\/www.sanfelipe.eus\/eu\/?s={search_term_string}\",\"query-input\":\"required name=search_term_string\"}],\"inLanguage\":\"es\"},{\"@type\":\"WebPage\",\"@id\":\"https:\/\/www.sanfelipe.eus\/es\/sobre-nosotros\/#webpage\",\"url\":\"https:\/\/www.sanfelipe.eus\/es\/sobre-nosotros\/\",\"name\":\"SAN FELIPE - San Felipe Apostol\",\"isPartOf\":{\"@id\":\"https:\/\/www.sanfelipe.eus\/eu\/#website\"},\"datePublished\":\"2015-01-22T13:44:56+00:00\",\"dateModified\":\"2023-01-16T12:14:43+00:00\",\"breadcrumb\":{\"@id\":\"https:\/\/www.sanfelipe.eus\/es\/sobre-nosotros\/#breadcrumb\"},\"inLanguage\":\"es\",\"potentialAction\":[{\"@type\":\"ReadAction\",\"target\":[\"https:\/\/www.sanfelipe.eus\/es\/sobre-nosotros\/\"]}]},{\"@type\":\"BreadcrumbList\",\"@id\":\"https:\/\/www.sanfelipe.eus\/es\/sobre-nosotros\/#breadcrumb\",\"itemListElement\":[{\"@type\":\"ListItem\",\"position\":1,\"item\":{\"@type\":\"WebPage\",\"@id\":\"https:\/\/www.sanfelipe.eus\/es\/\",\"url\":\"https:\/\/www.sanfelipe.eus\/es\/\",\"name\":\"Home\"}},{\"@type\":\"ListItem\",\"position\":2,\"item\":{\"@type\":\"WebPage\",\"@id\":\"https:\/\/www.sanfelipe.eus\/es\/sobre-nosotros\/\",\"url\":\"https:\/\/www.sanfelipe.eus\/es\/sobre-nosotros\/\",\"name\":\"SAN FELIPE\"}}]}]}<\/script>\n<!-- \/ Yoast SEO plugin. -->","_links":{"self":[{"href":"https:\/\/www.sanfelipe.eus\/es\/wp-json\/wp\/v2\/pages\/125"}],"collection":[{"href":"https:\/\/www.sanfelipe.eus\/es\/wp-json\/wp\/v2\/pages"}],"about":[{"href":"https:\/\/www.sanfelipe.eus\/es\/wp-json\/wp\/v2\/types\/page"}],"author":[{"embeddable":true,"href":"https:\/\/www.sanfelipe.eus\/es\/wp-json\/wp\/v2\/users\/2"}],"replies":[{"embeddable":true,"href":"https:\/\/www.sanfelipe.eus\/es\/wp-json\/wp\/v2\/comments?post=125"}],"version-history":[{"count":16,"href":"https:\/\/www.sanfelipe.eus\/es\/wp-json\/wp\/v2\/pages\/125\/revisions"}],"predecessor-version":[{"id":8964,"href":"https:\/\/www.sanfelipe.eus\/es\/wp-json\/wp\/v2\/pages\/125\/revisions\/8964"}],"wp:attachment":[{"href":"https:\/\/www.sanfelipe.eus\/es\/wp-json\/wp\/v2\/media?parent=125"}],"curies":[{"name":"wp","href":"https:\/\/api.w.org\/{rel}","templated":true}]}}