{"id":140,"date":"2015-01-22T13:53:24","date_gmt":"2015-01-22T13:53:24","guid":{"rendered":"https:\/\/www.sanfelipe.eus\/?page_id=140"},"modified":"2020-02-03T09:44:37","modified_gmt":"2020-02-03T09:44:37","slug":"politica-de-cookies","status":"publish","type":"page","link":"https:\/\/www.sanfelipe.eus\/es\/politica-de-cookies\/","title":{"rendered":"Pol\u00edtica de cookies"},"content":{"rendered":"<p>En cumplimiento con lo establecido en el art\u00edculo 22.2 de la Ley de Servicios de la Sociedad de la Informaci\u00f3n y del Comercio Electr\u00f3nico (LSSI) y en adecuaci\u00f3n con la Directiva Europea 2009\/136\/CE, La Salsera Transmedia Services SL le informa y usted presta su consentimiento para la utilizaci\u00f3n de cookies en nuestro portal, ya sea mediante la aceptaci\u00f3n expresa realizada en el aviso o por la mera navegaci\u00f3n.<\/p>\n<h2><strong>Definici\u00f3n<\/strong><\/h2>\n<p>Una \u201cCookie\u201d es un fichero que se descarga en su ordenador al acceder a determinadas p\u00e1ginas web. Las cookies permiten a una p\u00e1gina web, entre otras cosas, almacenar y recuperar informaci\u00f3n sobre los h\u00e1bitos de navegaci\u00f3n de un usuario o de su equipo y, dependiendo de la informaci\u00f3n que contengan y de la forma en que utilice su equipo, pueden utilizarse para reconocer al usuario.<\/p>\n<h2><strong>Tipolog\u00eda de cookies<\/strong><\/h2>\n<h3><strong>Seg\u00fan la entidad que las gestione:<\/strong><\/h3>\n<ul>\n<li><em>Cookies propias<\/em>: son aqu\u00e9llas que se env\u00edan al equipo terminal del usuario desde un equipo gestionado por el propio editor y desde el que se presta el servicio solicitado por el usuario.<\/li>\n<li><em>Cookies de tercero<\/em>: son aqu\u00e9llas que se env\u00edan al equipo terminal del usuario desde un equipo que no es gestionado por el editor, sino por otra entidad que trata los datos obtenidos a trav\u00e9s de las cookies.<\/li>\n<\/ul>\n<h3><strong>Seg\u00fan el plazo de tiempo que permanecen activadas:<\/strong><\/h3>\n<ul>\n<li><em>Cookies de sesi\u00f3n<\/em>: son un tipo de cookies dise\u00f1adas para recabar y almacenar datos mientras el usuario accede a una p\u00e1gina web.<\/li>\n<li><em>Cookies persistentes<\/em>: son un tipo de cookies en el que los datos siguen almacenados en el terminal y pueden ser accedidos y tratados durante un periodo definido por el responsable de la cookie.<\/li>\n<\/ul>\n<h3><strong>Seg\u00fan su finalidad:<\/strong><\/h3>\n<ul>\n<li><em>Cookies t\u00e9cnicas<\/em>: son aqu\u00e9llas que permiten al usuario la navegaci\u00f3n a trav\u00e9s de la p\u00e1gina web, plataforma o aplicaci\u00f3n y la utilizaci\u00f3n de las diferentes opciones o servicios que en ella existen. Por ejemplo, controlar el tr\u00e1fico y la comunicaci\u00f3n de datos, identificar la sesi\u00f3n, acceder a partes de acceso restringido, recordar los elementos que integran un pedido, realizar la solicitud de inscripci\u00f3n o participaci\u00f3n en un evento, utilizar elementos de seguridad durante la navegaci\u00f3n, almacenar contenidos para la difusi\u00f3n de videos o sonido o compartir contenidos a trav\u00e9s de redes sociales.<\/li>\n<li><em>Cookies de personalizaci\u00f3n<\/em>: son aqu\u00e9llas que permiten al usuario acceder al servicio con algunas caracter\u00edsticas de car\u00e1cter general predefinidas en su terminal o que el propio usuario defina. Por ejemplo, el idioma, el tipo de navegador a trav\u00e9s del cual accede al servicio, el dise\u00f1o de contenidos seleccionado, geolocalizaci\u00f3n del terminal y la configuraci\u00f3n regional desde donde se accede al servicio, etc.<\/li>\n<li><em>Cookies de an\u00e1lisis<\/em>: son aqu\u00e9llas que permiten realizar el seguimiento y an\u00e1lisis del comportamiento de los usuarios en los sitios web. La informaci\u00f3n recogida mediante este tipo de \u2018cookies\u2019 se utiliza en la medici\u00f3n de la actividad de los sitios web, aplicaci\u00f3n o plataforma y para la elaboraci\u00f3n de perfiles de navegaci\u00f3n de los usuarios de dichos sitios, con el fin de introducir mejoras en el servicio en funci\u00f3n de los datos de uso que hacen los usuarios.<\/li>\n<li><em>Cookies publicitarias<\/em>: son aqu\u00e9llas que permiten la gesti\u00f3n eficaz de los espacios publicitarios que se han incluido en la p\u00e1gina web o aplicaci\u00f3n desde la que se presta el servicio en base a criterios como el contenido editado o la frecuencia en la que se muestran los anuncios.<\/li>\n<li><em>Cookies de publicidad comportamental<\/em>: son aquellas que permiten la gesti\u00f3n eficaz de los espacios publicitarios que se han incluido en la p\u00e1gina web o aplicaci\u00f3n desde la que se presta el servicio. Estas cookies almacenan informaci\u00f3n del comportamiento de los usuarios a trav\u00e9s de la observaci\u00f3n permitiendo posteriormente desarrollar un perfil espec\u00edfico para mostrar publicidad en funci\u00f3n del mismo.<\/li>\n<\/ul>\n<h2><strong>Configuraci\u00f3n de las cookies<\/strong><\/h2>\n<p>Le informamos que se puede configurar el navegador para rechazar o aceptar las cookies, o configurar el navegador para que estas cookies se borren autom\u00e1ticamente una vez que se cierre el navegador, equipo o dispositivo.<\/p>\n<p>La configuraci\u00f3n de las cookies en los navegadores principales se realiza de la siguiente forma:<\/p>\n<ul>\n<li><strong>Google Chrome<\/strong>&gt;Configuraci\u00f3n&gt;Mostrar opciones avanzadas&gt;Privacidad&gt;Configuraci\u00f3n de contenido&gt;Cookies.<\/li>\n<li><strong>Firefox<\/strong>&gt;Herramientas&gt;Opciones&gt;Privacidad&gt;Historial&gt;Configuraci\u00f3n personalizada.<\/li>\n<li><strong>Internet Explorer<\/strong>&gt;Herramientas&gt;Opciones de Internet&gt;Privacidad&gt;Avanzada.<\/li>\n<li><strong>Safari<\/strong>&gt;Preferencias&gt;Privacidad.<\/li>\n<\/ul>\n<p>Adem\u00e1s hay que tener en cuenta que si comparte contenido del portal web con amigos a trav\u00e9s de redes sociales como Facebook y Twitter, es posible que reciba cookies de esos sitios web. No podemos controlar los ajustes de las cookies de terceros, por lo que le sugerimos que compruebe los sitios web de dichos terceros para obtener m\u00e1s informaci\u00f3n sobre sus cookies y c\u00f3mo gestionarlas.<\/p>\n<h2><strong>Cookies usadas en nuestro sitio web:<\/strong><\/h2>\n<table border=\"1\" width=\"100%\" cellspacing=\"0\" cellpadding=\"0\">\n<tbody>\n<tr>\n<td valign=\"top\" width=\"144\"><strong>COOKIE<\/strong><\/td>\n<td valign=\"top\" width=\"95\"><strong>CADUCIDAD<\/strong><\/td>\n<td valign=\"top\" width=\"234\"><strong>FINALIDAD<\/strong><\/td>\n<\/tr>\n<tr>\n<td valign=\"top\" width=\"144\">PHPSESSID<\/td>\n<td valign=\"top\" width=\"95\">Cookie de sesi\u00f3n<\/td>\n<td rowspan=\"2\" valign=\"top\" width=\"234\">Estas cookies son un identificador de sesi\u00f3n proporcionados por el PHP para diferenciar sesiones entre usuarios. Es una cookie imprescindible (estrictamente necesaria) para la prestaci\u00f3n de los servicios que se ofertan en la web.<\/td>\n<\/tr>\n<tr>\n<td valign=\"top\" width=\"144\">_icl_current_language<\/td>\n<td valign=\"top\" width=\"95\">1 d\u00eda<\/td>\n<\/tr>\n<tr>\n<td valign=\"top\" width=\"144\">_utma<\/td>\n<td valign=\"top\" width=\"95\">2 a\u00f1os<\/td>\n<td rowspan=\"4\" valign=\"top\" width=\"234\">Estas cookies de Google Analytics generan un ID de usuario an\u00f3nimo, que es el que se utiliza para hacer recuento de cuantas veces visita el sitio un usuario. Tambi\u00e9n registra cuando fue la primera y la \u00faltima vez que visit\u00f3 la web. Utma genera un id de usuario \u00fanico, que es el que se utiliza para hacer recuento de cuantas veces visita el sitio un determinado usuario. Tambi\u00e9n registra cuando fu\u00e9 la primera y la \u00faltima vez que visit\u00f3 el sitio web. Utmb calcula cuando se ha termina una sesi\u00f3n, registrando la hora de llegada a la p\u00e1gina. Utmc comprueba si se debe mantener la sesi\u00f3n abierta o se debe crear una sesi\u00f3n nueva. Por \u00faltimo, Utmz registra el origen del usuario, as\u00ed como las palabras clave. Puede consultar la pol\u00edtica de privacidad del proveedor Google en: <a href=\"http:\/\/www.google.com\/analytics\/learn\/privacy.html\">http:\/\/www.google.com\/analytics\/learn\/privacy.html<\/a><\/td>\n<\/tr>\n<tr>\n<td valign=\"top\" width=\"144\">_utmb<\/td>\n<td valign=\"top\" width=\"95\">30 minutos<\/td>\n<\/tr>\n<tr>\n<td valign=\"top\" width=\"144\">_utmc<\/td>\n<td valign=\"top\" width=\"95\">Cookie de sesi\u00f3n<\/td>\n<\/tr>\n<tr>\n<td valign=\"top\" width=\"144\">_utmz<\/td>\n<td valign=\"top\" width=\"95\">6 meses<\/td>\n<\/tr>\n<\/tbody>\n<\/table>\n<h2><strong>Actualizaciones y cambios en la pol\u00edtica de privacidad \/ cookies: <\/strong><\/h2>\n<p>La Salsera Transmedia Services SL&nbsp;puede modificar esta Pol\u00edtica de Cookies en funci\u00f3n de exigencias legislativas, reglamentarias, o con la finalidad de adaptar dicha pol\u00edtica a las instrucciones dictadas por la Agencia Espa\u00f1ola de Protecci\u00f3n de Datos, por ello se aconseja a los Usuarios que la visiten peri\u00f3dicamente.<\/p>\n<p>Cuando se produzcan cambios significativos en esta Pol\u00edtica de Cookies, se comunicar\u00e1n a los Usuarios mediante la web.<\/p>\n","protected":false},"excerpt":{"rendered":"<p>En cumplimiento con lo establecido en el art\u00edculo 22.2 de la Ley de Servicios de la Sociedad de la Informaci\u00f3n y del Comercio Electr\u00f3nico (LSSI) y en adecuaci\u00f3n con la Directiva Europea 2009\/136\/CE, La Salsera Transmedia Services SL le informa y usted presta su consentimiento para la utilizaci\u00f3n de cookies en nuestro portal, ya sea [&hellip;]<\/p>\n","protected":false},"author":2,"featured_media":0,"parent":0,"menu_order":0,"comment_status":"closed","ping_status":"closed","template":"","meta":[],"yoast_head":"<!-- This site is optimized with the Yoast SEO plugin v16.1.1 - https:\/\/yoast.com\/wordpress\/plugins\/seo\/ -->\n<link rel=\"canonical\" href=\"https:\/\/www.sanfelipe.eus\/es\/politica-de-cookies\/\" \/>\n<meta property=\"og:locale\" content=\"es_ES\" \/>\n<meta property=\"og:type\" content=\"article\" \/>\n<meta property=\"og:title\" content=\"Pol\u00edtica de cookies - San Felipe Apostol\" \/>\n<meta property=\"og:description\" content=\"En cumplimiento con lo establecido en el art\u00edculo 22.2 de la Ley de Servicios de la Sociedad de la Informaci\u00f3n y del Comercio Electr\u00f3nico (LSSI) y en adecuaci\u00f3n con la Directiva Europea 2009\/136\/CE, La Salsera Transmedia Services SL le informa y usted presta su consentimiento para la utilizaci\u00f3n de cookies en nuestro portal, ya sea [&hellip;]\" \/>\n<meta property=\"og:url\" content=\"https:\/\/www.sanfelipe.eus\/es\/politica-de-cookies\/\" \/>\n<meta property=\"og:site_name\" content=\"San Felipe Apostol\" \/>\n<meta property=\"article:modified_time\" content=\"2020-02-03T09:44:37+00:00\" \/>\n<meta name=\"twitter:card\" content=\"summary_large_image\" \/>\n<meta name=\"twitter:label1\" content=\"Tiempo de lectura\">\n\t<meta name=\"twitter:data1\" content=\"6 minutos\">\n<script type=\"application\/ld+json\" class=\"yoast-schema-graph\">{\"@context\":\"https:\/\/schema.org\",\"@graph\":[{\"@type\":\"WebSite\",\"@id\":\"https:\/\/www.sanfelipe.eus\/eu\/#website\",\"url\":\"https:\/\/www.sanfelipe.eus\/eu\/\",\"name\":\"San Felipe Apostol\",\"description\":\"Otro sitio realizado con WordPress\",\"potentialAction\":[{\"@type\":\"SearchAction\",\"target\":\"https:\/\/www.sanfelipe.eus\/eu\/?s={search_term_string}\",\"query-input\":\"required name=search_term_string\"}],\"inLanguage\":\"es\"},{\"@type\":\"WebPage\",\"@id\":\"https:\/\/www.sanfelipe.eus\/es\/politica-de-cookies\/#webpage\",\"url\":\"https:\/\/www.sanfelipe.eus\/es\/politica-de-cookies\/\",\"name\":\"Pol\\u00edtica de cookies - San Felipe Apostol\",\"isPartOf\":{\"@id\":\"https:\/\/www.sanfelipe.eus\/eu\/#website\"},\"datePublished\":\"2015-01-22T13:53:24+00:00\",\"dateModified\":\"2020-02-03T09:44:37+00:00\",\"breadcrumb\":{\"@id\":\"https:\/\/www.sanfelipe.eus\/es\/politica-de-cookies\/#breadcrumb\"},\"inLanguage\":\"es\",\"potentialAction\":[{\"@type\":\"ReadAction\",\"target\":[\"https:\/\/www.sanfelipe.eus\/es\/politica-de-cookies\/\"]}]},{\"@type\":\"BreadcrumbList\",\"@id\":\"https:\/\/www.sanfelipe.eus\/es\/politica-de-cookies\/#breadcrumb\",\"itemListElement\":[{\"@type\":\"ListItem\",\"position\":1,\"item\":{\"@type\":\"WebPage\",\"@id\":\"https:\/\/www.sanfelipe.eus\/es\/\",\"url\":\"https:\/\/www.sanfelipe.eus\/es\/\",\"name\":\"Home\"}},{\"@type\":\"ListItem\",\"position\":2,\"item\":{\"@type\":\"WebPage\",\"@id\":\"https:\/\/www.sanfelipe.eus\/es\/politica-de-cookies\/\",\"url\":\"https:\/\/www.sanfelipe.eus\/es\/politica-de-cookies\/\",\"name\":\"Pol\\u00edtica de cookies\"}}]}]}<\/script>\n<!-- \/ Yoast SEO plugin. -->","_links":{"self":[{"href":"https:\/\/www.sanfelipe.eus\/es\/wp-json\/wp\/v2\/pages\/140"}],"collection":[{"href":"https:\/\/www.sanfelipe.eus\/es\/wp-json\/wp\/v2\/pages"}],"about":[{"href":"https:\/\/www.sanfelipe.eus\/es\/wp-json\/wp\/v2\/types\/page"}],"author":[{"embeddable":true,"href":"https:\/\/www.sanfelipe.eus\/es\/wp-json\/wp\/v2\/users\/2"}],"replies":[{"embeddable":true,"href":"https:\/\/www.sanfelipe.eus\/es\/wp-json\/wp\/v2\/comments?post=140"}],"version-history":[{"count":3,"href":"https:\/\/www.sanfelipe.eus\/es\/wp-json\/wp\/v2\/pages\/140\/revisions"}],"predecessor-version":[{"id":4628,"href":"https:\/\/www.sanfelipe.eus\/es\/wp-json\/wp\/v2\/pages\/140\/revisions\/4628"}],"wp:attachment":[{"href":"https:\/\/www.sanfelipe.eus\/es\/wp-json\/wp\/v2\/media?parent=140"}],"curies":[{"name":"wp","href":"https:\/\/api.w.org\/{rel}","templated":true}]}}