{"id":144,"date":"2015-01-22T13:54:09","date_gmt":"2015-01-22T13:54:09","guid":{"rendered":"https:\/\/www.sanfelipe.eus\/?page_id=144"},"modified":"2020-02-03T09:39:08","modified_gmt":"2020-02-03T09:39:08","slug":"politica-de-privacidad","status":"publish","type":"page","link":"https:\/\/www.sanfelipe.eus\/es\/politica-de-privacidad\/","title":{"rendered":"Pol\u00edtica de privacidad"},"content":{"rendered":"<p>Los datos aportados por el interesado se utilizar\u00e1n, con car\u00e1cter \u00fanico y exclusivo, para los fines previstos en el procedimiento o actuaci\u00f3n de que se trate.<\/p>\n<p>En ning\u00fan caso los referidos datos ser\u00e1n objeto de tratamiento o de cesi\u00f3n a terceros, si no es con el consentimiento inequ\u00edvoco del afectado, o en los supuestos previstos en los art\u00edculos 6.2 y 11.2 de la Ley 15\/1999, de 13 de diciembre, de Protecci\u00f3n de Datos de Car\u00e1cter Personal (<abbr lang=\"es\" title=\"Bolet\u00edn oficial del estado\">B.O.E.<\/abbr>&nbsp;<abbr lang=\"es\" title=\"n\u00famero\">n\u00ba<\/abbr>&nbsp;298, de 14 de diciembre de 1999).<\/p>\n<p>En cumplimiento de lo dispuesto en la citada Ley Org\u00e1nica 15\/1999, el cedente de los datos podr\u00e1, en cualquier momento, ejercitar los derechos de acceso, rectificaci\u00f3n, cancelaci\u00f3n y oposici\u00f3n en la forma que reglamentariamente se determine.<\/p>\n","protected":false},"excerpt":{"rendered":"<p>Los datos aportados por el interesado se utilizar\u00e1n, con car\u00e1cter \u00fanico y exclusivo, para los fines previstos en el procedimiento o actuaci\u00f3n de que se trate. En ning\u00fan caso los referidos datos ser\u00e1n objeto de tratamiento o de cesi\u00f3n a terceros, si no es con el consentimiento inequ\u00edvoco del afectado, o en los supuestos previstos [&hellip;]<\/p>\n","protected":false},"author":2,"featured_media":0,"parent":0,"menu_order":0,"comment_status":"closed","ping_status":"closed","template":"","meta":[],"yoast_head":"<!-- This site is optimized with the Yoast SEO plugin v16.1.1 - https:\/\/yoast.com\/wordpress\/plugins\/seo\/ -->\n<link rel=\"canonical\" href=\"https:\/\/www.sanfelipe.eus\/es\/politica-de-privacidad\/\" \/>\n<meta property=\"og:locale\" content=\"es_ES\" \/>\n<meta property=\"og:type\" content=\"article\" \/>\n<meta property=\"og:title\" content=\"Pol\u00edtica de privacidad - San Felipe Apostol\" \/>\n<meta property=\"og:description\" content=\"Los datos aportados por el interesado se utilizar\u00e1n, con car\u00e1cter \u00fanico y exclusivo, para los fines previstos en el procedimiento o actuaci\u00f3n de que se trate. En ning\u00fan caso los referidos datos ser\u00e1n objeto de tratamiento o de cesi\u00f3n a terceros, si no es con el consentimiento inequ\u00edvoco del afectado, o en los supuestos previstos [&hellip;]\" \/>\n<meta property=\"og:url\" content=\"https:\/\/www.sanfelipe.eus\/es\/politica-de-privacidad\/\" \/>\n<meta property=\"og:site_name\" content=\"San Felipe Apostol\" \/>\n<meta property=\"article:modified_time\" content=\"2020-02-03T09:39:08+00:00\" \/>\n<meta name=\"twitter:card\" content=\"summary_large_image\" \/>\n<meta name=\"twitter:label1\" content=\"Tiempo de lectura\">\n\t<meta name=\"twitter:data1\" content=\"1 minuto\">\n<script type=\"application\/ld+json\" class=\"yoast-schema-graph\">{\"@context\":\"https:\/\/schema.org\",\"@graph\":[{\"@type\":\"WebSite\",\"@id\":\"https:\/\/www.sanfelipe.eus\/eu\/#website\",\"url\":\"https:\/\/www.sanfelipe.eus\/eu\/\",\"name\":\"San Felipe Apostol\",\"description\":\"Otro sitio realizado con WordPress\",\"potentialAction\":[{\"@type\":\"SearchAction\",\"target\":\"https:\/\/www.sanfelipe.eus\/eu\/?s={search_term_string}\",\"query-input\":\"required name=search_term_string\"}],\"inLanguage\":\"es\"},{\"@type\":\"WebPage\",\"@id\":\"https:\/\/www.sanfelipe.eus\/es\/politica-de-privacidad\/#webpage\",\"url\":\"https:\/\/www.sanfelipe.eus\/es\/politica-de-privacidad\/\",\"name\":\"Pol\\u00edtica de privacidad - San Felipe Apostol\",\"isPartOf\":{\"@id\":\"https:\/\/www.sanfelipe.eus\/eu\/#website\"},\"datePublished\":\"2015-01-22T13:54:09+00:00\",\"dateModified\":\"2020-02-03T09:39:08+00:00\",\"breadcrumb\":{\"@id\":\"https:\/\/www.sanfelipe.eus\/es\/politica-de-privacidad\/#breadcrumb\"},\"inLanguage\":\"es\",\"potentialAction\":[{\"@type\":\"ReadAction\",\"target\":[\"https:\/\/www.sanfelipe.eus\/es\/politica-de-privacidad\/\"]}]},{\"@type\":\"BreadcrumbList\",\"@id\":\"https:\/\/www.sanfelipe.eus\/es\/politica-de-privacidad\/#breadcrumb\",\"itemListElement\":[{\"@type\":\"ListItem\",\"position\":1,\"item\":{\"@type\":\"WebPage\",\"@id\":\"https:\/\/www.sanfelipe.eus\/es\/\",\"url\":\"https:\/\/www.sanfelipe.eus\/es\/\",\"name\":\"Home\"}},{\"@type\":\"ListItem\",\"position\":2,\"item\":{\"@type\":\"WebPage\",\"@id\":\"https:\/\/www.sanfelipe.eus\/es\/politica-de-privacidad\/\",\"url\":\"https:\/\/www.sanfelipe.eus\/es\/politica-de-privacidad\/\",\"name\":\"Pol\\u00edtica de privacidad\"}}]}]}<\/script>\n<!-- \/ Yoast SEO plugin. -->","_links":{"self":[{"href":"https:\/\/www.sanfelipe.eus\/es\/wp-json\/wp\/v2\/pages\/144"}],"collection":[{"href":"https:\/\/www.sanfelipe.eus\/es\/wp-json\/wp\/v2\/pages"}],"about":[{"href":"https:\/\/www.sanfelipe.eus\/es\/wp-json\/wp\/v2\/types\/page"}],"author":[{"embeddable":true,"href":"https:\/\/www.sanfelipe.eus\/es\/wp-json\/wp\/v2\/users\/2"}],"replies":[{"embeddable":true,"href":"https:\/\/www.sanfelipe.eus\/es\/wp-json\/wp\/v2\/comments?post=144"}],"version-history":[{"count":6,"href":"https:\/\/www.sanfelipe.eus\/es\/wp-json\/wp\/v2\/pages\/144\/revisions"}],"predecessor-version":[{"id":5206,"href":"https:\/\/www.sanfelipe.eus\/es\/wp-json\/wp\/v2\/pages\/144\/revisions\/5206"}],"wp:attachment":[{"href":"https:\/\/www.sanfelipe.eus\/es\/wp-json\/wp\/v2\/media?parent=144"}],"curies":[{"name":"wp","href":"https:\/\/api.w.org\/{rel}","templated":true}]}}