{"id":4549,"date":"2020-01-30T13:55:53","date_gmt":"2020-01-30T13:55:53","guid":{"rendered":"https:\/\/www.sanfelipe.eus\/egin-bazkide\/"},"modified":"2026-02-25T12:00:30","modified_gmt":"2026-02-25T12:00:30","slug":"hazte-socio","status":"publish","type":"page","link":"https:\/\/www.sanfelipe.eus\/es\/hazte-socio\/","title":{"rendered":"Hazte socio"},"content":{"rendered":"\n<div class=\"wp-block-columns\">\n<div class=\"wp-block-column\">\n<h3>VENTAJAS DE SER SOCIO<\/h3>\n\n\n\n<p>Al estar constituida y registrada como una entidad de previsi\u00f3n social voluntaria (EPSV), regulada desde el Gobierno Vasco (Ley 5\/2012), ofrece las m\u00e1ximas garant\u00edas de prestaci\u00f3n futura de los servicios ofrecidos.<\/p>\n\n\n\n<p>El hecho de ser una mutua sin \u00e1nimo de lucro, de estar gestionada de forma transparente y de regirse por valores propios de nuestro entorno como la solidaridad y la ayuda mutua, hace que el abono de la cuota suponga un desembolso muy bajo y, sin duda, el m\u00e1s rentable del mercado, en su conjunto, para nuestros mutualistas.<\/p>\n\n\n\n<p>En el aspecto emocional, destacar la importancia de contar con el respaldo de personas cercanas y del entorno que, en esos momentos dif\u00edciles, nos inspiren confianza y nos faciliten las gestiones con las que no estamos familiarizados.<\/p>\n<\/div>\n\n\n\n<div class=\"wp-block-column\">\n<h3>CUOTA DE ENTRADA DE NUEVOS SOCIOS y SOCIA<\/h3>\n\n\n\n<p><em><strong>Si tienes HASTA 40 a\u00f1os no pagas Cuota de Entrada, la Entrada libre<\/strong><\/em><\/p>\n\n\n\n<figure class=\"wp-block-table is-style-stripes\"><table><thead><tr><th class=\"has-text-align-center\" data-align=\"center\"><strong>Edad a\u00f1os<\/strong><\/th><th class=\"has-text-align-center\" data-align=\"center\">C<strong>uota ingreso \u20ac<\/strong><\/th><\/tr><\/thead><tbody><tr><td class=\"has-text-align-center\" data-align=\"center\">41-45<\/td><td class=\"has-text-align-center\" data-align=\"center\">300 \u20ac<\/td><\/tr><tr><td class=\"has-text-align-center\" data-align=\"center\">46-50<\/td><td class=\"has-text-align-center\" data-align=\"center\">500 \u20ac<\/td><\/tr><tr><td class=\"has-text-align-center\" data-align=\"center\">51-55<\/td><td class=\"has-text-align-center\" data-align=\"center\">750 \u20ac<\/td><\/tr><tr><td class=\"has-text-align-center\" data-align=\"center\">56-60<\/td><td class=\"has-text-align-center\" data-align=\"center\">1.000 \u20ac<\/td><\/tr><tr><td class=\"has-text-align-center\" data-align=\"center\">61-65<\/td><td class=\"has-text-align-center\" data-align=\"center\">1-300 \u20ac<\/td><\/tr><tr><td class=\"has-text-align-center\" data-align=\"center\">66-70<\/td><td class=\"has-text-align-center\" data-align=\"center\">1-600 \u20ac<\/td><\/tr><tr><td class=\"has-text-align-center\" data-align=\"center\">71-75<\/td><td class=\"has-text-align-center\" data-align=\"center\">2.250 \u20ac<\/td><\/tr><tr><td class=\"has-text-align-center\" data-align=\"center\">76-80<\/td><td class=\"has-text-align-center\" data-align=\"center\">2.800 \u20ac<\/td><\/tr><tr><td class=\"has-text-align-center\" data-align=\"center\">81-85<\/td><td class=\"has-text-align-center\" data-align=\"center\">3.700 \u20ac<\/td><\/tr><\/tbody><\/table><\/figure>\n\n\n\n\n\n<p><em>La cuota de entrada afecta a NUEVAS ALTAS de personas mayores de 40 a\u00f1os, ya sean titulares o cotitulares, no a beneficiarios que pueden pasar a Ser titulares a los 40 a\u00f1os de forma autom\u00e1tica y sin Cuota de Entrada<\/em><\/p>\n<\/div>\n<\/div>\n","protected":false},"excerpt":{"rendered":"<p>VENTAJAS DE SER SOCIO Al estar constituida y registrada como una entidad de previsi\u00f3n social voluntaria (EPSV), regulada desde el Gobierno Vasco (Ley 5\/2012), ofrece las m\u00e1ximas garant\u00edas de prestaci\u00f3n futura de los servicios ofrecidos. El hecho de ser una mutua sin \u00e1nimo de lucro, de estar gestionada de forma transparente y de regirse por [&hellip;]<\/p>\n","protected":false},"author":2,"featured_media":0,"parent":0,"menu_order":0,"comment_status":"closed","ping_status":"closed","template":"page-templates\/template-egin-bazkide.php","meta":[],"yoast_head":"<!-- This site is optimized with the Yoast SEO plugin v16.1.1 - https:\/\/yoast.com\/wordpress\/plugins\/seo\/ -->\n<link rel=\"canonical\" href=\"https:\/\/www.sanfelipe.eus\/es\/hazte-socio\/\" \/>\n<meta property=\"og:locale\" content=\"es_ES\" \/>\n<meta property=\"og:type\" content=\"article\" \/>\n<meta property=\"og:title\" content=\"Hazte socio - San Felipe Apostol\" \/>\n<meta property=\"og:description\" content=\"VENTAJAS DE SER SOCIO Al estar constituida y registrada como una entidad de previsi\u00f3n social voluntaria (EPSV), regulada desde el Gobierno Vasco (Ley 5\/2012), ofrece las m\u00e1ximas garant\u00edas de prestaci\u00f3n futura de los servicios ofrecidos. El hecho de ser una mutua sin \u00e1nimo de lucro, de estar gestionada de forma transparente y de regirse por [&hellip;]\" \/>\n<meta property=\"og:url\" content=\"https:\/\/www.sanfelipe.eus\/es\/hazte-socio\/\" \/>\n<meta property=\"og:site_name\" content=\"San Felipe Apostol\" \/>\n<meta property=\"article:modified_time\" content=\"2026-02-25T12:00:30+00:00\" \/>\n<meta name=\"twitter:card\" content=\"summary_large_image\" \/>\n<meta name=\"twitter:label1\" content=\"Tiempo de lectura\">\n\t<meta name=\"twitter:data1\" content=\"1 minuto\">\n<script type=\"application\/ld+json\" class=\"yoast-schema-graph\">{\"@context\":\"https:\/\/schema.org\",\"@graph\":[{\"@type\":\"WebSite\",\"@id\":\"https:\/\/www.sanfelipe.eus\/eu\/#website\",\"url\":\"https:\/\/www.sanfelipe.eus\/eu\/\",\"name\":\"San Felipe Apostol\",\"description\":\"Otro sitio realizado con WordPress\",\"potentialAction\":[{\"@type\":\"SearchAction\",\"target\":\"https:\/\/www.sanfelipe.eus\/eu\/?s={search_term_string}\",\"query-input\":\"required name=search_term_string\"}],\"inLanguage\":\"es\"},{\"@type\":\"WebPage\",\"@id\":\"https:\/\/www.sanfelipe.eus\/es\/hazte-socio\/#webpage\",\"url\":\"https:\/\/www.sanfelipe.eus\/es\/hazte-socio\/\",\"name\":\"Hazte socio - San Felipe Apostol\",\"isPartOf\":{\"@id\":\"https:\/\/www.sanfelipe.eus\/eu\/#website\"},\"datePublished\":\"2020-01-30T13:55:53+00:00\",\"dateModified\":\"2026-02-25T12:00:30+00:00\",\"breadcrumb\":{\"@id\":\"https:\/\/www.sanfelipe.eus\/es\/hazte-socio\/#breadcrumb\"},\"inLanguage\":\"es\",\"potentialAction\":[{\"@type\":\"ReadAction\",\"target\":[\"https:\/\/www.sanfelipe.eus\/es\/hazte-socio\/\"]}]},{\"@type\":\"BreadcrumbList\",\"@id\":\"https:\/\/www.sanfelipe.eus\/es\/hazte-socio\/#breadcrumb\",\"itemListElement\":[{\"@type\":\"ListItem\",\"position\":1,\"item\":{\"@type\":\"WebPage\",\"@id\":\"https:\/\/www.sanfelipe.eus\/es\/\",\"url\":\"https:\/\/www.sanfelipe.eus\/es\/\",\"name\":\"Home\"}},{\"@type\":\"ListItem\",\"position\":2,\"item\":{\"@type\":\"WebPage\",\"@id\":\"https:\/\/www.sanfelipe.eus\/es\/hazte-socio\/\",\"url\":\"https:\/\/www.sanfelipe.eus\/es\/hazte-socio\/\",\"name\":\"Hazte socio\"}}]}]}<\/script>\n<!-- \/ Yoast SEO plugin. -->","_links":{"self":[{"href":"https:\/\/www.sanfelipe.eus\/es\/wp-json\/wp\/v2\/pages\/4549"}],"collection":[{"href":"https:\/\/www.sanfelipe.eus\/es\/wp-json\/wp\/v2\/pages"}],"about":[{"href":"https:\/\/www.sanfelipe.eus\/es\/wp-json\/wp\/v2\/types\/page"}],"author":[{"embeddable":true,"href":"https:\/\/www.sanfelipe.eus\/es\/wp-json\/wp\/v2\/users\/2"}],"replies":[{"embeddable":true,"href":"https:\/\/www.sanfelipe.eus\/es\/wp-json\/wp\/v2\/comments?post=4549"}],"version-history":[{"count":34,"href":"https:\/\/www.sanfelipe.eus\/es\/wp-json\/wp\/v2\/pages\/4549\/revisions"}],"predecessor-version":[{"id":11882,"href":"https:\/\/www.sanfelipe.eus\/es\/wp-json\/wp\/v2\/pages\/4549\/revisions\/11882"}],"wp:attachment":[{"href":"https:\/\/www.sanfelipe.eus\/es\/wp-json\/wp\/v2\/media?parent=4549"}],"curies":[{"name":"wp","href":"https:\/\/api.w.org\/{rel}","templated":true}]}}