{"id":731,"date":"2015-04-16T08:56:43","date_gmt":"2015-04-16T08:56:43","guid":{"rendered":"https:\/\/www.sanfelipe.eus\/sobre-nosotros\/junteros\/lehendakariordea\/"},"modified":"2025-05-16T16:45:08","modified_gmt":"2025-05-16T16:45:08","slug":"lehendakariordea","status":"publish","type":"page","link":"https:\/\/www.sanfelipe.eus\/es\/sobre-nosotros\/historico\/lehendakariordea\/","title":{"rendered":"Vicepresidentes"},"content":{"rendered":"<h2 style=\"text-align: center;\">Per\u00edodo 1950-2025<\/h2>\n<p>En los a\u00f1os anteriores a 1950 y seg\u00fan reflejan los libros de actas, los componentes\u00a0de las Juntas Directivas aparecen como vocales a excepci\u00f3n del Presidente.<\/p>\n<table style=\"width: 844px;\" width=\"458\">\n<tbody>\n<tr>\n<td style=\"width: 684px;\" width=\"374\">LANDA GOMEZ F\u00e9lix<\/td>\n<td style=\"width: 160px;\" width=\"84\">1950, 51<\/td>\n<\/tr>\n<tr>\n<td style=\"width: 684px;\">ARANZABAL GANTXEGI Jos\u00e9 Mar\u00eda<\/td>\n<td style=\"width: 160px;\">1952, 53<\/td>\n<\/tr>\n<tr>\n<td style=\"width: 684px;\">YARZA ABALIA Gabino<\/td>\n<td style=\"width: 160px;\">1954, 55<\/td>\n<\/tr>\n<tr>\n<td style=\"width: 684px;\">SAGASTA UNZURRUNZAGA Vicente<\/td>\n<td style=\"width: 160px;\">1956,57<\/td>\n<\/tr>\n<tr>\n<td style=\"width: 684px;\">AMOZARRAIN OIANGUREN Jos\u00e9<\/td>\n<td style=\"width: 160px;\">1958,59<\/td>\n<\/tr>\n<tr>\n<td style=\"width: 684px;\">MURGUZUR YARZA Victor<\/td>\n<td style=\"width: 160px;\">1960,61<\/td>\n<\/tr>\n<tr>\n<td style=\"width: 684px;\">ETXEBARRIA AXPE Joaqu\u00edn<\/td>\n<td style=\"width: 160px;\">1962,63<\/td>\n<\/tr>\n<tr>\n<td style=\"width: 684px;\">OTADUI ASTOLA Jos\u00e9 Antonio<\/td>\n<td style=\"width: 160px;\">1964,65<\/td>\n<\/tr>\n<tr>\n<td style=\"width: 684px;\">GOROSABEL AMOZARRAIN Ricardo<\/td>\n<td style=\"width: 160px;\">1966,67<\/td>\n<\/tr>\n<tr>\n<td style=\"width: 684px;\">ARREGI DORRONSORO Sim\u00f3n<\/td>\n<td style=\"width: 160px;\">1968,69<\/td>\n<\/tr>\n<tr>\n<td style=\"width: 684px;\">ZUMELAGA OZAETA Pedro<\/td>\n<td style=\"width: 160px;\">1970,71<\/td>\n<\/tr>\n<tr>\n<td style=\"width: 684px;\">URRUTIA UGALDE Javier<\/td>\n<td style=\"width: 160px;\">1972,73<\/td>\n<\/tr>\n<tr>\n<td style=\"width: 684px;\">CASTELLANO SANZ Jos\u00e9<\/td>\n<td style=\"width: 160px;\">1974,75<\/td>\n<\/tr>\n<tr>\n<td style=\"width: 684px;\">MAIDAGAN MIOTA Luis Mar\u00eda<\/td>\n<td style=\"width: 160px;\">1976,77<\/td>\n<\/tr>\n<tr>\n<td style=\"width: 684px;\">BEDIA ARREGI Francisco<\/td>\n<td style=\"width: 160px;\">1978,79<\/td>\n<\/tr>\n<tr>\n<td style=\"width: 684px;\">LANDA URRUTIA Angel<\/td>\n<td style=\"width: 160px;\">1980,81<\/td>\n<\/tr>\n<tr>\n<td style=\"width: 684px;\">GORDOBIL CECIAGA Jos\u00e9 Ignacio<\/td>\n<td style=\"width: 160px;\">1982,83<\/td>\n<\/tr>\n<tr>\n<td style=\"width: 684px;\">LAGUNILLA ARREGI Emilio<\/td>\n<td style=\"width: 160px;\">1984,85<\/td>\n<\/tr>\n<tr>\n<td style=\"width: 684px;\">KINTANA SANTAMARINA Jos\u00e9 Antonio<\/td>\n<td style=\"width: 160px;\">1986,87<\/td>\n<\/tr>\n<tr>\n<td style=\"width: 684px;\">SAMPEDRO MADINA Juan Mar\u00eda<\/td>\n<td style=\"width: 160px;\">1988,89<\/td>\n<\/tr>\n<tr>\n<td style=\"width: 684px;\">BALERDI ARREGI Juan Pablo<\/td>\n<td style=\"width: 160px;\">1990,91<\/td>\n<\/tr>\n<tr>\n<td style=\"width: 684px;\">OTADUI ELORZA Pedro Esteban<\/td>\n<td style=\"width: 160px;\">1992,93<\/td>\n<\/tr>\n<tr>\n<td style=\"width: 684px;\">BOLINAGA ELORZA Iban<\/td>\n<td style=\"width: 160px;\">1994,95<\/td>\n<\/tr>\n<tr>\n<td style=\"width: 684px;\">URKIA IBABE Jos\u00e9 Ram\u00f3n<\/td>\n<td style=\"width: 160px;\">1996,97<\/td>\n<\/tr>\n<tr>\n<td style=\"width: 684px;\">MARTINEZ GARCIA DE EULATE Pedro<\/td>\n<td style=\"width: 160px;\">1998,99<\/td>\n<\/tr>\n<tr>\n<td style=\"width: 684px;\">MENDIETA GARAY Juan Ram\u00f3n<\/td>\n<td style=\"width: 160px;\">2000,01<\/td>\n<\/tr>\n<tr>\n<td style=\"width: 684px;\">GALDOS ALI\u00d1ETA Aitor<\/td>\n<td style=\"width: 160px;\">2002,03<\/td>\n<\/tr>\n<tr>\n<td style=\"width: 684px;\">KEREJETA GOROSTIZA I\u00f1aki<\/td>\n<td style=\"width: 160px;\">2004,05<\/td>\n<\/tr>\n<tr>\n<td style=\"width: 684px;\">SARASOLA ASTIGARRAGA Miguel Mar\u00eda<\/td>\n<td style=\"width: 160px;\">2006,07<\/td>\n<\/tr>\n<tr>\n<td style=\"width: 684px;\">SAN MIGUEL ZUBIETA\u00a0 Fernando<\/td>\n<td style=\"width: 160px;\">2008,09<\/td>\n<\/tr>\n<tr>\n<td style=\"width: 684px;\">ETXEBARRIARTEUN OKARANZA Luis<\/td>\n<td style=\"width: 160px;\">2010,11<\/td>\n<\/tr>\n<tr>\n<td style=\"width: 684px;\">AZKARATE LIZARRALDE Ram\u00f3n<\/td>\n<td style=\"width: 160px;\">2012,13<\/td>\n<\/tr>\n<tr>\n<td style=\"width: 684px;\">MURILLO CABALLERO\u00a0 Antonio<\/td>\n<td style=\"width: 160px;\">2014,15<\/td>\n<\/tr>\n<tr>\n<td style=\"width: 684px;\">MANGANA PORTEIRO Isabel<\/td>\n<td style=\"width: 160px;\">2016,17<\/td>\n<\/tr>\n<tr>\n<td style=\"width: 684px;\">BARRUTIABENGOA EZKURRA Jos\u00e9 Ignacio<\/td>\n<td style=\"width: 160px;\">2018,19<\/td>\n<\/tr>\n<tr>\n<td style=\"width: 684px;\">URIBARREN BENGOA Maria Jesus<\/td>\n<td style=\"width: 160px;\">2020,21<\/td>\n<\/tr>\n<tr>\n<td style=\"width: 684px;\">ARREGUI BALZATEGUI Isabel<\/td>\n<td style=\"width: 160px;\">2022,23<\/td>\n<\/tr>\n<tr>\n<td style=\"width: 684px;\">CORTABARRIA ACHA Raul<\/td>\n<td style=\"width: 160px;\">2024,25<\/td>\n<\/tr>\n<\/tbody>\n<\/table>\n<p><\/p>\n","protected":false},"excerpt":{"rendered":"<p>Per\u00edodo 1950-2025 En los a\u00f1os anteriores a 1950 y seg\u00fan reflejan los libros de actas, los componentes\u00a0de las Juntas Directivas aparecen como vocales a excepci\u00f3n del Presidente. LANDA GOMEZ F\u00e9lix 1950, 51 ARANZABAL GANTXEGI Jos\u00e9 Mar\u00eda 1952, 53 YARZA ABALIA Gabino 1954, 55 SAGASTA UNZURRUNZAGA Vicente 1956,57 AMOZARRAIN OIANGUREN Jos\u00e9 1958,59 MURGUZUR YARZA Victor 1960,61 [&hellip;]<\/p>\n","protected":false},"author":2,"featured_media":0,"parent":757,"menu_order":4,"comment_status":"closed","ping_status":"closed","template":"","meta":[],"yoast_head":"<!-- This site is optimized with the Yoast SEO plugin v16.1.1 - https:\/\/yoast.com\/wordpress\/plugins\/seo\/ -->\n<link rel=\"canonical\" href=\"https:\/\/www.sanfelipe.eus\/es\/sobre-nosotros\/historico\/lehendakariordea\/\" \/>\n<meta property=\"og:locale\" content=\"es_ES\" \/>\n<meta property=\"og:type\" content=\"article\" \/>\n<meta property=\"og:title\" content=\"Vicepresidentes - San Felipe Apostol\" \/>\n<meta property=\"og:description\" content=\"Per\u00edodo 1950-2025 En los a\u00f1os anteriores a 1950 y seg\u00fan reflejan los libros de actas, los componentes\u00a0de las Juntas Directivas aparecen como vocales a excepci\u00f3n del Presidente. LANDA GOMEZ F\u00e9lix 1950, 51 ARANZABAL GANTXEGI Jos\u00e9 Mar\u00eda 1952, 53 YARZA ABALIA Gabino 1954, 55 SAGASTA UNZURRUNZAGA Vicente 1956,57 AMOZARRAIN OIANGUREN Jos\u00e9 1958,59 MURGUZUR YARZA Victor 1960,61 [&hellip;]\" \/>\n<meta property=\"og:url\" content=\"https:\/\/www.sanfelipe.eus\/es\/sobre-nosotros\/historico\/lehendakariordea\/\" \/>\n<meta property=\"og:site_name\" content=\"San Felipe Apostol\" \/>\n<meta property=\"article:modified_time\" content=\"2025-05-16T16:45:08+00:00\" \/>\n<meta name=\"twitter:card\" content=\"summary_large_image\" \/>\n<meta name=\"twitter:label1\" content=\"Tiempo de lectura\">\n\t<meta name=\"twitter:data1\" content=\"1 minuto\">\n<script type=\"application\/ld+json\" class=\"yoast-schema-graph\">{\"@context\":\"https:\/\/schema.org\",\"@graph\":[{\"@type\":\"WebSite\",\"@id\":\"https:\/\/www.sanfelipe.eus\/eu\/#website\",\"url\":\"https:\/\/www.sanfelipe.eus\/eu\/\",\"name\":\"San Felipe Apostol\",\"description\":\"Otro sitio realizado con WordPress\",\"potentialAction\":[{\"@type\":\"SearchAction\",\"target\":\"https:\/\/www.sanfelipe.eus\/eu\/?s={search_term_string}\",\"query-input\":\"required name=search_term_string\"}],\"inLanguage\":\"es\"},{\"@type\":\"WebPage\",\"@id\":\"https:\/\/www.sanfelipe.eus\/es\/sobre-nosotros\/historico\/lehendakariordea\/#webpage\",\"url\":\"https:\/\/www.sanfelipe.eus\/es\/sobre-nosotros\/historico\/lehendakariordea\/\",\"name\":\"Vicepresidentes - San Felipe Apostol\",\"isPartOf\":{\"@id\":\"https:\/\/www.sanfelipe.eus\/eu\/#website\"},\"datePublished\":\"2015-04-16T08:56:43+00:00\",\"dateModified\":\"2025-05-16T16:45:08+00:00\",\"breadcrumb\":{\"@id\":\"https:\/\/www.sanfelipe.eus\/es\/sobre-nosotros\/historico\/lehendakariordea\/#breadcrumb\"},\"inLanguage\":\"es\",\"potentialAction\":[{\"@type\":\"ReadAction\",\"target\":[\"https:\/\/www.sanfelipe.eus\/es\/sobre-nosotros\/historico\/lehendakariordea\/\"]}]},{\"@type\":\"BreadcrumbList\",\"@id\":\"https:\/\/www.sanfelipe.eus\/es\/sobre-nosotros\/historico\/lehendakariordea\/#breadcrumb\",\"itemListElement\":[{\"@type\":\"ListItem\",\"position\":1,\"item\":{\"@type\":\"WebPage\",\"@id\":\"https:\/\/www.sanfelipe.eus\/es\/\",\"url\":\"https:\/\/www.sanfelipe.eus\/es\/\",\"name\":\"Home\"}},{\"@type\":\"ListItem\",\"position\":2,\"item\":{\"@type\":\"WebPage\",\"@id\":\"https:\/\/www.sanfelipe.eus\/es\/sobre-nosotros\/\",\"url\":\"https:\/\/www.sanfelipe.eus\/es\/sobre-nosotros\/\",\"name\":\"SAN FELIPE\"}},{\"@type\":\"ListItem\",\"position\":3,\"item\":{\"@type\":\"WebPage\",\"@id\":\"https:\/\/www.sanfelipe.eus\/es\/sobre-nosotros\/historico\/\",\"url\":\"https:\/\/www.sanfelipe.eus\/es\/sobre-nosotros\/historico\/\",\"name\":\"Hist\\u00f3rico\"}},{\"@type\":\"ListItem\",\"position\":4,\"item\":{\"@type\":\"WebPage\",\"@id\":\"https:\/\/www.sanfelipe.eus\/es\/sobre-nosotros\/historico\/lehendakariordea\/\",\"url\":\"https:\/\/www.sanfelipe.eus\/es\/sobre-nosotros\/historico\/lehendakariordea\/\",\"name\":\"Vicepresidentes\"}}]}]}<\/script>\n<!-- \/ Yoast SEO plugin. -->","_links":{"self":[{"href":"https:\/\/www.sanfelipe.eus\/es\/wp-json\/wp\/v2\/pages\/731"}],"collection":[{"href":"https:\/\/www.sanfelipe.eus\/es\/wp-json\/wp\/v2\/pages"}],"about":[{"href":"https:\/\/www.sanfelipe.eus\/es\/wp-json\/wp\/v2\/types\/page"}],"author":[{"embeddable":true,"href":"https:\/\/www.sanfelipe.eus\/es\/wp-json\/wp\/v2\/users\/2"}],"replies":[{"embeddable":true,"href":"https:\/\/www.sanfelipe.eus\/es\/wp-json\/wp\/v2\/comments?post=731"}],"version-history":[{"count":10,"href":"https:\/\/www.sanfelipe.eus\/es\/wp-json\/wp\/v2\/pages\/731\/revisions"}],"predecessor-version":[{"id":11217,"href":"https:\/\/www.sanfelipe.eus\/es\/wp-json\/wp\/v2\/pages\/731\/revisions\/11217"}],"up":[{"embeddable":true,"href":"https:\/\/www.sanfelipe.eus\/es\/wp-json\/wp\/v2\/pages\/757"}],"wp:attachment":[{"href":"https:\/\/www.sanfelipe.eus\/es\/wp-json\/wp\/v2\/media?parent=731"}],"curies":[{"name":"wp","href":"https:\/\/api.w.org\/{rel}","templated":true}]}}