{"id":736,"date":"2015-04-16T08:40:13","date_gmt":"2015-04-16T08:40:13","guid":{"rendered":"https:\/\/www.sanfelipe.eus\/sobre-nosotros\/junteros\/lehendakariak\/"},"modified":"2025-05-16T16:44:18","modified_gmt":"2025-05-16T16:44:18","slug":"lehendakariak","status":"publish","type":"page","link":"https:\/\/www.sanfelipe.eus\/es\/sobre-nosotros\/historico\/lehendakariak\/","title":{"rendered":"Presidentes"},"content":{"rendered":"<h2 style=\"text-align: center;\">Per\u00edodos<\/h2>\n<h2 style=\"text-align: center;\">1913-1914 \/ 1922-2025<\/h2>\n<p>Los libros de Actas de la entidad no dan informaci\u00f3n de los periodos comprendidos entre los a\u00f1os 1892 a 1912 y 1915 a 1922<\/p>\n\n\n<figure class=\"wp-block-table\"><table><tbody><tr><td>ARAMBARRI Pedro<\/td><td>1913, 14<\/td><\/tr><tr><td>OLAZABAL Jos\u00e9 Mar\u00eda<\/td><td>1922- 34&nbsp; (13 urte)<\/td><\/tr><tr><td>URANGA ABARRATEGUI Jes\u00fas<\/td><td>1935<\/td><\/tr><tr><td>EZKURRA GALLASTEGI Florencio<\/td><td>1936- 41&nbsp; (6 urte)<\/td><\/tr><tr><td>LETE JAUSORO Galo<\/td><td>1942- 50&nbsp; (9 urte)<\/td><\/tr><tr><td>ARZAMENDI ARANZABAL Segundo<\/td><td>1951, 52<\/td><\/tr><tr><td>URRUTIA ZAITEGI Pablo<\/td><td>1953, 54<\/td><\/tr><tr><td>LEIBAR URIBARRI Mariano<\/td><td>1955, 56<\/td><\/tr><tr><td>ETXEBARRIA AXPE Esteban<\/td><td>1957, 58<\/td><\/tr><tr><td>URRUTIA URIBETXEBARRIA Francisco<\/td><td>1959, 60<\/td><\/tr><tr><td>ARZAMENDI ENPARANZA David<\/td><td>1961, 62<\/td><\/tr><tr><td>ARANA ETXABE Angel<\/td><td>1963, 64<\/td><\/tr><tr><td>URIBARREN ALTUNA Juan Bautista<\/td><td>1965, 66<\/td><\/tr><tr><td>LASA O\u00d1ATIVIA Jos\u00e9<\/td><td>1967<\/td><\/tr><tr><td>GOROSABEL AMOZARRAIN Ricardo<\/td><td>1968<\/td><\/tr><tr><td>AGIRRE BALZATEGI Leandro<\/td><td>1969, 70<\/td><\/tr><tr><td>MENDIETA AIASTUI Javier<\/td><td>1971, 72<\/td><\/tr><tr><td>FERNANDEZ ARESTI Rafael<\/td><td>1973, 74<\/td><\/tr><tr><td>ITURBE BERGARETXE Juan<\/td><td>1975, 76<\/td><\/tr><tr><td>ETXEBARRIA IBARGUEN Jos\u00e9 Luis<\/td><td>1977, 78<\/td><\/tr><tr><td>AZPIAZU LANDA Angel<\/td><td>1979, 80<\/td><\/tr><tr><td>AXPE CECIAGA Juan Jos\u00e9<\/td><td>1981, 82<\/td><\/tr><tr><td>MENDIARATZ ELEXPURU Jes\u00fas Mar\u00eda<\/td><td>1983, 84<\/td><\/tr><tr><td>EZKURRA ARREGI Alejandro<\/td><td>1985, 86<\/td><\/tr><tr><td>MORRAS GARITAONANDIA Enrike<\/td><td>1987, 88<\/td><\/tr><tr><td>URIARTE GALLASTEGUI Jos\u00e9 Luis<\/td><td>1989, 90<\/td><\/tr><tr><td>GOMEZ RUIZ DE BERGARA Eusebio<\/td><td>1991, 92<\/td><\/tr><tr><td>EZKURRA ARREGI Jos\u00e9 Luis<\/td><td>1993, 94<\/td><\/tr><tr><td>LAGUNILLA ARREGUI Joaqu\u00edn<\/td><td>1995, 96<\/td><\/tr><tr><td>ARREGUI OTADUI Angel<\/td><td>1997, 98<\/td><\/tr><tr><td>ARIZMENDIARRIETA MONDRAGON Jes\u00fas Mar\u00eda<\/td><td>1999 -04&nbsp; (6 urte)<\/td><\/tr><tr><td>IRASUEGUI FERNANDEZ Pedro Mar\u00eda<\/td><td>2005, 06<\/td><\/tr><tr><td>YARZA AXPE Jos\u00e9 Luis<\/td><td>2007, 08<\/td><\/tr><tr><td>HERIZ IRIA Jes\u00fas Mar\u00eda<\/td><td>2009, 10<\/td><\/tr><tr><td>HERIZ VITORIA Luis<\/td><td>2011, 12<\/td><\/tr><tr><td>PAGALDAY URIBE Juan Jos\u00e9<\/td><td>2013 -16&nbsp; (4 urte)<\/td><\/tr><tr><td>PIE DE HIERRO ORMAETXEA Mertxe<\/td><td>2017, 18<\/td><\/tr><tr><td>ARANBURU AGIRRE I\u00f1aki<\/td><td>2019, 20<\/td><\/tr><tr><td>BENGOA LEIBAR Xabier<\/td><td>2021, 22<\/td><\/tr><tr><td>ETXEBERRIA OTADUI Ander<\/td><td>2023,24<\/td><\/tr><tr><td>MAIDAGAN LAZCANO Adelaida<\/td><td>2025,26<\/td><\/tr><\/tbody><\/table><\/figure>\n","protected":false},"excerpt":{"rendered":"<p>Per\u00edodos 1913-1914 \/ 1922-2025 Los libros de Actas de la entidad no dan informaci\u00f3n de los periodos comprendidos entre los a\u00f1os 1892 a 1912 y 1915 a 1922 ARAMBARRI Pedro 1913, 14 OLAZABAL Jos\u00e9 Mar\u00eda 1922- 34&nbsp; (13 urte) URANGA ABARRATEGUI Jes\u00fas 1935 EZKURRA GALLASTEGI Florencio 1936- 41&nbsp; (6 urte) LETE JAUSORO Galo 1942- 50&nbsp; [&hellip;]<\/p>\n","protected":false},"author":2,"featured_media":0,"parent":757,"menu_order":3,"comment_status":"closed","ping_status":"closed","template":"","meta":[],"yoast_head":"<!-- This site is optimized with the Yoast SEO plugin v16.1.1 - https:\/\/yoast.com\/wordpress\/plugins\/seo\/ -->\n<link rel=\"canonical\" href=\"https:\/\/www.sanfelipe.eus\/es\/sobre-nosotros\/historico\/lehendakariak\/\" \/>\n<meta property=\"og:locale\" content=\"es_ES\" \/>\n<meta property=\"og:type\" content=\"article\" \/>\n<meta property=\"og:title\" content=\"Presidentes - San Felipe Apostol\" \/>\n<meta property=\"og:description\" content=\"Per\u00edodos 1913-1914 \/ 1922-2025 Los libros de Actas de la entidad no dan informaci\u00f3n de los periodos comprendidos entre los a\u00f1os 1892 a 1912 y 1915 a 1922 ARAMBARRI Pedro 1913, 14 OLAZABAL Jos\u00e9 Mar\u00eda 1922- 34&nbsp; (13 urte) URANGA ABARRATEGUI Jes\u00fas 1935 EZKURRA GALLASTEGI Florencio 1936- 41&nbsp; (6 urte) LETE JAUSORO Galo 1942- 50&nbsp; [&hellip;]\" \/>\n<meta property=\"og:url\" content=\"https:\/\/www.sanfelipe.eus\/es\/sobre-nosotros\/historico\/lehendakariak\/\" \/>\n<meta property=\"og:site_name\" content=\"San Felipe Apostol\" \/>\n<meta property=\"article:modified_time\" content=\"2025-05-16T16:44:18+00:00\" \/>\n<meta name=\"twitter:card\" content=\"summary_large_image\" \/>\n<meta name=\"twitter:label1\" content=\"Tiempo de lectura\">\n\t<meta name=\"twitter:data1\" content=\"2 minutos\">\n<script type=\"application\/ld+json\" class=\"yoast-schema-graph\">{\"@context\":\"https:\/\/schema.org\",\"@graph\":[{\"@type\":\"WebSite\",\"@id\":\"https:\/\/www.sanfelipe.eus\/eu\/#website\",\"url\":\"https:\/\/www.sanfelipe.eus\/eu\/\",\"name\":\"San Felipe Apostol\",\"description\":\"Otro sitio realizado con WordPress\",\"potentialAction\":[{\"@type\":\"SearchAction\",\"target\":\"https:\/\/www.sanfelipe.eus\/eu\/?s={search_term_string}\",\"query-input\":\"required name=search_term_string\"}],\"inLanguage\":\"es\"},{\"@type\":\"WebPage\",\"@id\":\"https:\/\/www.sanfelipe.eus\/es\/sobre-nosotros\/historico\/lehendakariak\/#webpage\",\"url\":\"https:\/\/www.sanfelipe.eus\/es\/sobre-nosotros\/historico\/lehendakariak\/\",\"name\":\"Presidentes - San Felipe Apostol\",\"isPartOf\":{\"@id\":\"https:\/\/www.sanfelipe.eus\/eu\/#website\"},\"datePublished\":\"2015-04-16T08:40:13+00:00\",\"dateModified\":\"2025-05-16T16:44:18+00:00\",\"breadcrumb\":{\"@id\":\"https:\/\/www.sanfelipe.eus\/es\/sobre-nosotros\/historico\/lehendakariak\/#breadcrumb\"},\"inLanguage\":\"es\",\"potentialAction\":[{\"@type\":\"ReadAction\",\"target\":[\"https:\/\/www.sanfelipe.eus\/es\/sobre-nosotros\/historico\/lehendakariak\/\"]}]},{\"@type\":\"BreadcrumbList\",\"@id\":\"https:\/\/www.sanfelipe.eus\/es\/sobre-nosotros\/historico\/lehendakariak\/#breadcrumb\",\"itemListElement\":[{\"@type\":\"ListItem\",\"position\":1,\"item\":{\"@type\":\"WebPage\",\"@id\":\"https:\/\/www.sanfelipe.eus\/es\/\",\"url\":\"https:\/\/www.sanfelipe.eus\/es\/\",\"name\":\"Home\"}},{\"@type\":\"ListItem\",\"position\":2,\"item\":{\"@type\":\"WebPage\",\"@id\":\"https:\/\/www.sanfelipe.eus\/es\/sobre-nosotros\/\",\"url\":\"https:\/\/www.sanfelipe.eus\/es\/sobre-nosotros\/\",\"name\":\"SAN FELIPE\"}},{\"@type\":\"ListItem\",\"position\":3,\"item\":{\"@type\":\"WebPage\",\"@id\":\"https:\/\/www.sanfelipe.eus\/es\/sobre-nosotros\/historico\/\",\"url\":\"https:\/\/www.sanfelipe.eus\/es\/sobre-nosotros\/historico\/\",\"name\":\"Hist\\u00f3rico\"}},{\"@type\":\"ListItem\",\"position\":4,\"item\":{\"@type\":\"WebPage\",\"@id\":\"https:\/\/www.sanfelipe.eus\/es\/sobre-nosotros\/historico\/lehendakariak\/\",\"url\":\"https:\/\/www.sanfelipe.eus\/es\/sobre-nosotros\/historico\/lehendakariak\/\",\"name\":\"Presidentes\"}}]}]}<\/script>\n<!-- \/ Yoast SEO plugin. -->","_links":{"self":[{"href":"https:\/\/www.sanfelipe.eus\/es\/wp-json\/wp\/v2\/pages\/736"}],"collection":[{"href":"https:\/\/www.sanfelipe.eus\/es\/wp-json\/wp\/v2\/pages"}],"about":[{"href":"https:\/\/www.sanfelipe.eus\/es\/wp-json\/wp\/v2\/types\/page"}],"author":[{"embeddable":true,"href":"https:\/\/www.sanfelipe.eus\/es\/wp-json\/wp\/v2\/users\/2"}],"replies":[{"embeddable":true,"href":"https:\/\/www.sanfelipe.eus\/es\/wp-json\/wp\/v2\/comments?post=736"}],"version-history":[{"count":14,"href":"https:\/\/www.sanfelipe.eus\/es\/wp-json\/wp\/v2\/pages\/736\/revisions"}],"predecessor-version":[{"id":11216,"href":"https:\/\/www.sanfelipe.eus\/es\/wp-json\/wp\/v2\/pages\/736\/revisions\/11216"}],"up":[{"embeddable":true,"href":"https:\/\/www.sanfelipe.eus\/es\/wp-json\/wp\/v2\/pages\/757"}],"wp:attachment":[{"href":"https:\/\/www.sanfelipe.eus\/es\/wp-json\/wp\/v2\/media?parent=736"}],"curies":[{"name":"wp","href":"https:\/\/api.w.org\/{rel}","templated":true}]}}