{"id":738,"date":"2015-04-16T09:19:09","date_gmt":"2015-04-16T09:19:09","guid":{"rendered":"https:\/\/www.sanfelipe.eus\/sobre-nosotros\/junteros\/idazkariak\/"},"modified":"2025-05-16T16:46:10","modified_gmt":"2025-05-16T16:46:10","slug":"idazkariak","status":"publish","type":"page","link":"https:\/\/www.sanfelipe.eus\/es\/sobre-nosotros\/historico\/idazkariak\/","title":{"rendered":"Secretarios"},"content":{"rendered":"<h2 style=\"text-align: center;\">Per\u00edodo 1950-2025<\/h2>\n<p>En los a\u00f1os anteriores a 1950 y seg\u00fan reflejan los libros de actas, los componentes\u00a0de las Juntas Directivas aparecen como vocales a excepci\u00f3n del Presidente.<\/p>\n<table style=\"width: 830px;\" width=\"496\">\n<tbody>\n<tr>\n<td style=\"width: 561px;\" width=\"321\">URANGAA ARREGI Jos\u00e9 Mar\u00eda<\/td>\n<td style=\"width: 269px;\" width=\"175\">1950, 51, 52, 53<\/td>\n<\/tr>\n<tr>\n<td style=\"width: 561px;\" width=\"321\">ETXEBARRIA AXPE Gonzalo<\/td>\n<td style=\"width: 269px;\" width=\"175\">1954, 55<\/td>\n<\/tr>\n<tr>\n<td style=\"width: 561px;\" width=\"321\">ARAMBURU BASURTO Jos\u00e9 Mar\u00eda<\/td>\n<td style=\"width: 269px;\" width=\"175\">1956, 57<\/td>\n<\/tr>\n<tr>\n<td style=\"width: 561px;\" width=\"321\">ARANA ETXABE Angel<\/td>\n<td style=\"width: 269px;\" width=\"175\">1958, 59, 60, 61<\/td>\n<\/tr>\n<tr>\n<td style=\"width: 561px;\" width=\"321\">IRAETA AIANI Ignacio<\/td>\n<td style=\"width: 269px;\" width=\"175\">1962, 63<\/td>\n<\/tr>\n<tr>\n<td style=\"width: 561px;\" width=\"321\">ARANBURU BASURTO Ignacio<\/td>\n<td style=\"width: 269px;\" width=\"175\">1964, 65<\/td>\n<\/tr>\n<tr>\n<td style=\"width: 561px;\" width=\"321\">ARANA URREJOLA Jos\u00e9 Antonio<\/td>\n<td style=\"width: 269px;\" width=\"175\">1966, 67<\/td>\n<\/tr>\n<tr>\n<td style=\"width: 561px;\" width=\"321\">LETE AGINAGALDE Jos\u00e9 Mar\u00eda<\/td>\n<td style=\"width: 269px;\" width=\"175\">1968<\/td>\n<\/tr>\n<tr>\n<td style=\"width: 561px;\" width=\"321\">ERIZ ZUBIA Carmelo<\/td>\n<td style=\"width: 269px;\" width=\"175\">1969<\/td>\n<\/tr>\n<tr>\n<td style=\"width: 561px;\" width=\"321\">TXINTXURRETA ETXEBARRIARTEUN F\u00e9lix<\/td>\n<td style=\"width: 269px;\" width=\"175\">1970, 71<\/td>\n<\/tr>\n<tr>\n<td style=\"width: 561px;\" width=\"321\">LEIBAR GURIDI Juan<\/td>\n<td style=\"width: 269px;\" width=\"175\">1972, 73<\/td>\n<\/tr>\n<tr>\n<td style=\"width: 561px;\" width=\"321\">NAFARRATE UNZUETA Prudencio<\/td>\n<td style=\"width: 269px;\" width=\"175\">1974, 75<\/td>\n<\/tr>\n<tr>\n<td style=\"width: 561px;\" width=\"321\">MONDRAGON O\u00d1ATE Jos\u00e9 Mar\u00eda<\/td>\n<td style=\"width: 269px;\" width=\"175\">1976, 77<\/td>\n<\/tr>\n<tr>\n<td style=\"width: 561px;\" width=\"321\">ATXA ALTUNA Antonio<\/td>\n<td style=\"width: 269px;\" width=\"175\">1978, 79<\/td>\n<\/tr>\n<tr>\n<td style=\"width: 561px;\" width=\"321\">AZKUNAGA USANDIZAGA Ignacio<\/td>\n<td style=\"width: 269px;\" width=\"175\">1980, 81<\/td>\n<\/tr>\n<tr>\n<td style=\"width: 561px;\" width=\"321\">AGIRRE NARGANES Rafael<\/td>\n<td style=\"width: 269px;\" width=\"175\">1982, 83<\/td>\n<\/tr>\n<tr>\n<td style=\"width: 561px;\" width=\"321\">LOPEZ DE ARKAUTE UGARTE Jos\u00e9<\/td>\n<td style=\"width: 269px;\" width=\"175\">1984, 85<\/td>\n<\/tr>\n<tr>\n<td style=\"width: 561px;\" width=\"321\">ELORZA GOROSABEL Jos\u00e9 Ignacio<\/td>\n<td style=\"width: 269px;\" width=\"175\">1986, 2017 (32 urte)<\/td>\n<\/tr>\n<tr>\n<td style=\"width: 561px;\" width=\"321\">URRIZALKI JAUREGI Eneko<\/td>\n<td style=\"width: 269px;\" width=\"175\">2018, 19<\/td>\n<\/tr>\n<tr>\n<td style=\"width: 561px;\" width=\"321\">HERIZ IRIA Jose Julio<\/td>\n<td style=\"width: 269px;\" width=\"175\">2020, 21<\/td>\n<\/tr>\n<tr>\n<td style=\"width: 561px;\" width=\"321\">UGARTE GARAI Rufino<\/td>\n<td style=\"width: 269px;\" width=\"175\">2022, 23<\/td>\n<\/tr>\n<tr>\n<td style=\"width: 561px;\" width=\"321\">LARRA\u00d1AGA BARRUTIABENGOA, Joseba<\/td>\n<td style=\"width: 269px;\" width=\"175\">2024, 25<\/td>\n<\/tr>\n<\/tbody>\n<\/table>\n<p><\/p>\n","protected":false},"excerpt":{"rendered":"<p>Per\u00edodo 1950-2025 En los a\u00f1os anteriores a 1950 y seg\u00fan reflejan los libros de actas, los componentes\u00a0de las Juntas Directivas aparecen como vocales a excepci\u00f3n del Presidente. URANGAA ARREGI Jos\u00e9 Mar\u00eda 1950, 51, 52, 53 ETXEBARRIA AXPE Gonzalo 1954, 55 ARAMBURU BASURTO Jos\u00e9 Mar\u00eda 1956, 57 ARANA ETXABE Angel 1958, 59, 60, 61 IRAETA AIANI [&hellip;]<\/p>\n","protected":false},"author":2,"featured_media":0,"parent":757,"menu_order":5,"comment_status":"closed","ping_status":"closed","template":"","meta":[],"yoast_head":"<!-- This site is optimized with the Yoast SEO plugin v16.1.1 - https:\/\/yoast.com\/wordpress\/plugins\/seo\/ -->\n<link rel=\"canonical\" href=\"https:\/\/www.sanfelipe.eus\/es\/sobre-nosotros\/historico\/idazkariak\/\" \/>\n<meta property=\"og:locale\" content=\"es_ES\" \/>\n<meta property=\"og:type\" content=\"article\" \/>\n<meta property=\"og:title\" content=\"Secretarios - San Felipe Apostol\" \/>\n<meta property=\"og:description\" content=\"Per\u00edodo 1950-2025 En los a\u00f1os anteriores a 1950 y seg\u00fan reflejan los libros de actas, los componentes\u00a0de las Juntas Directivas aparecen como vocales a excepci\u00f3n del Presidente. URANGAA ARREGI Jos\u00e9 Mar\u00eda 1950, 51, 52, 53 ETXEBARRIA AXPE Gonzalo 1954, 55 ARAMBURU BASURTO Jos\u00e9 Mar\u00eda 1956, 57 ARANA ETXABE Angel 1958, 59, 60, 61 IRAETA AIANI [&hellip;]\" \/>\n<meta property=\"og:url\" content=\"https:\/\/www.sanfelipe.eus\/es\/sobre-nosotros\/historico\/idazkariak\/\" \/>\n<meta property=\"og:site_name\" content=\"San Felipe Apostol\" \/>\n<meta property=\"article:modified_time\" content=\"2025-05-16T16:46:10+00:00\" \/>\n<meta name=\"twitter:card\" content=\"summary_large_image\" \/>\n<meta name=\"twitter:label1\" content=\"Tiempo de lectura\">\n\t<meta name=\"twitter:data1\" content=\"1 minuto\">\n<script type=\"application\/ld+json\" class=\"yoast-schema-graph\">{\"@context\":\"https:\/\/schema.org\",\"@graph\":[{\"@type\":\"WebSite\",\"@id\":\"https:\/\/www.sanfelipe.eus\/eu\/#website\",\"url\":\"https:\/\/www.sanfelipe.eus\/eu\/\",\"name\":\"San Felipe Apostol\",\"description\":\"Otro sitio realizado con WordPress\",\"potentialAction\":[{\"@type\":\"SearchAction\",\"target\":\"https:\/\/www.sanfelipe.eus\/eu\/?s={search_term_string}\",\"query-input\":\"required name=search_term_string\"}],\"inLanguage\":\"es\"},{\"@type\":\"WebPage\",\"@id\":\"https:\/\/www.sanfelipe.eus\/es\/sobre-nosotros\/historico\/idazkariak\/#webpage\",\"url\":\"https:\/\/www.sanfelipe.eus\/es\/sobre-nosotros\/historico\/idazkariak\/\",\"name\":\"Secretarios - San Felipe Apostol\",\"isPartOf\":{\"@id\":\"https:\/\/www.sanfelipe.eus\/eu\/#website\"},\"datePublished\":\"2015-04-16T09:19:09+00:00\",\"dateModified\":\"2025-05-16T16:46:10+00:00\",\"breadcrumb\":{\"@id\":\"https:\/\/www.sanfelipe.eus\/es\/sobre-nosotros\/historico\/idazkariak\/#breadcrumb\"},\"inLanguage\":\"es\",\"potentialAction\":[{\"@type\":\"ReadAction\",\"target\":[\"https:\/\/www.sanfelipe.eus\/es\/sobre-nosotros\/historico\/idazkariak\/\"]}]},{\"@type\":\"BreadcrumbList\",\"@id\":\"https:\/\/www.sanfelipe.eus\/es\/sobre-nosotros\/historico\/idazkariak\/#breadcrumb\",\"itemListElement\":[{\"@type\":\"ListItem\",\"position\":1,\"item\":{\"@type\":\"WebPage\",\"@id\":\"https:\/\/www.sanfelipe.eus\/es\/\",\"url\":\"https:\/\/www.sanfelipe.eus\/es\/\",\"name\":\"Home\"}},{\"@type\":\"ListItem\",\"position\":2,\"item\":{\"@type\":\"WebPage\",\"@id\":\"https:\/\/www.sanfelipe.eus\/es\/sobre-nosotros\/\",\"url\":\"https:\/\/www.sanfelipe.eus\/es\/sobre-nosotros\/\",\"name\":\"SAN FELIPE\"}},{\"@type\":\"ListItem\",\"position\":3,\"item\":{\"@type\":\"WebPage\",\"@id\":\"https:\/\/www.sanfelipe.eus\/es\/sobre-nosotros\/historico\/\",\"url\":\"https:\/\/www.sanfelipe.eus\/es\/sobre-nosotros\/historico\/\",\"name\":\"Hist\\u00f3rico\"}},{\"@type\":\"ListItem\",\"position\":4,\"item\":{\"@type\":\"WebPage\",\"@id\":\"https:\/\/www.sanfelipe.eus\/es\/sobre-nosotros\/historico\/idazkariak\/\",\"url\":\"https:\/\/www.sanfelipe.eus\/es\/sobre-nosotros\/historico\/idazkariak\/\",\"name\":\"Secretarios\"}}]}]}<\/script>\n<!-- \/ Yoast SEO plugin. -->","_links":{"self":[{"href":"https:\/\/www.sanfelipe.eus\/es\/wp-json\/wp\/v2\/pages\/738"}],"collection":[{"href":"https:\/\/www.sanfelipe.eus\/es\/wp-json\/wp\/v2\/pages"}],"about":[{"href":"https:\/\/www.sanfelipe.eus\/es\/wp-json\/wp\/v2\/types\/page"}],"author":[{"embeddable":true,"href":"https:\/\/www.sanfelipe.eus\/es\/wp-json\/wp\/v2\/users\/2"}],"replies":[{"embeddable":true,"href":"https:\/\/www.sanfelipe.eus\/es\/wp-json\/wp\/v2\/comments?post=738"}],"version-history":[{"count":6,"href":"https:\/\/www.sanfelipe.eus\/es\/wp-json\/wp\/v2\/pages\/738\/revisions"}],"predecessor-version":[{"id":11220,"href":"https:\/\/www.sanfelipe.eus\/es\/wp-json\/wp\/v2\/pages\/738\/revisions\/11220"}],"up":[{"embeddable":true,"href":"https:\/\/www.sanfelipe.eus\/es\/wp-json\/wp\/v2\/pages\/757"}],"wp:attachment":[{"href":"https:\/\/www.sanfelipe.eus\/es\/wp-json\/wp\/v2\/media?parent=738"}],"curies":[{"name":"wp","href":"https:\/\/api.w.org\/{rel}","templated":true}]}}