{"id":742,"date":"2015-04-16T09:25:11","date_gmt":"2015-04-16T09:25:11","guid":{"rendered":"https:\/\/www.sanfelipe.eus\/sobre-nosotros\/junteros\/diruzainak\/"},"modified":"2025-05-16T16:51:39","modified_gmt":"2025-05-16T16:51:39","slug":"diruzainak","status":"publish","type":"page","link":"https:\/\/www.sanfelipe.eus\/es\/sobre-nosotros\/historico\/diruzainak\/","title":{"rendered":"Tesoreros"},"content":{"rendered":"<h2 style=\"text-align: center;\">Per\u00edodo 1950-2025<\/h2>\n<p>En los a\u00f1os anteriores a 1950 y seg\u00fan reflejan los libros de actas, los componentes \u00a0de las Juntas Directivas aparecen como vocales a excepci\u00f3n del Presidente.<\/p>\n<table style=\"height: 837px;\" width=\"818\">\n<tbody>\n<tr>\n<td style=\"width: 537.234px;\">SAMPEDRO AZPIAZU Juan Mar\u00eda<\/td>\n<td style=\"width: 272.766px;\">1949- 54 ( 6 urte)<\/td>\n<\/tr>\n<tr>\n<td style=\"width: 537.234px;\">AZKOAGA ALDANONDO Agust\u00edn<\/td>\n<td style=\"width: 272.766px;\">1955, 56<\/td>\n<\/tr>\n<tr>\n<td style=\"width: 537.234px;\">VELEZ DE MENDIZABAL ARANA Lucio<\/td>\n<td style=\"width: 272.766px;\">1957, 58, 59, 60<\/td>\n<\/tr>\n<tr>\n<td style=\"width: 537.234px;\">MARTINEZ LARRA\u00d1AGA Carlos<\/td>\n<td style=\"width: 272.766px;\">1961, 62<\/td>\n<\/tr>\n<tr>\n<td style=\"width: 537.234px;\">LOPEZ DE ARETXAGA AGIRREGABIRIA Luis<\/td>\n<td style=\"width: 272.766px;\">1963, 64<\/td>\n<\/tr>\n<tr>\n<td style=\"width: 537.234px;\">GARCIA AGIRRE Sim\u00f3n<\/td>\n<td style=\"width: 272.766px;\">1965, 66<\/td>\n<\/tr>\n<tr>\n<td style=\"width: 537.234px;\">ARREGI ERGUIN Eugenio<\/td>\n<td style=\"width: 272.766px;\">1967, 68<\/td>\n<\/tr>\n<tr>\n<td style=\"width: 537.234px;\">ZABALA NABARRO Doroteo<\/td>\n<td style=\"width: 272.766px;\">1969, 70<\/td>\n<\/tr>\n<tr>\n<td style=\"width: 537.234px;\">LEIBAR MENDIZABAL Jos\u00e9 Antonio<\/td>\n<td style=\"width: 272.766px;\">1971, 72<\/td>\n<\/tr>\n<tr>\n<td style=\"width: 537.234px;\">KINTANA SANTAMARINA Francisco<\/td>\n<td style=\"width: 272.766px;\">1973, 74<\/td>\n<\/tr>\n<tr>\n<td style=\"width: 537.234px;\">ARANBURU BIDABURU Manuel<\/td>\n<td style=\"width: 272.766px;\">1975, 76<\/td>\n<\/tr>\n<tr>\n<td style=\"width: 537.234px;\">AZKOAGA AIASTUI Jos\u00e9 Mar\u00eda<\/td>\n<td style=\"width: 272.766px;\">1977, 78<\/td>\n<\/tr>\n<tr>\n<td style=\"width: 537.234px;\">ZUBILLAGA ZABARTE Ignacio<\/td>\n<td style=\"width: 272.766px;\">1979, 80<\/td>\n<\/tr>\n<tr>\n<td style=\"width: 537.234px;\">BALANZATEGI ARRAZOLA Jos\u00e9 Mar\u00eda<\/td>\n<td style=\"width: 272.766px;\">1981, 82<\/td>\n<\/tr>\n<tr>\n<td style=\"width: 537.234px;\">IGOA GARCIANDIA Antonio<\/td>\n<td style=\"width: 272.766px;\">1983, 84<\/td>\n<\/tr>\n<tr>\n<td style=\"width: 537.234px;\">MADINABEITIA BARANDIARAN Antonio<\/td>\n<td style=\"width: 272.766px;\">1985, 86<\/td>\n<\/tr>\n<tr>\n<td style=\"width: 537.234px;\">ORUE LETE Jos\u00e9 Ram\u00f3n<\/td>\n<td style=\"width: 272.766px;\">1987, 88<\/td>\n<\/tr>\n<tr>\n<td style=\"width: 537.234px;\">ELORZA ARANA Roberto<\/td>\n<td style=\"width: 272.766px;\">1989, 90<\/td>\n<\/tr>\n<tr>\n<td style=\"width: 537.234px;\">ZAITEGI GARAI Jos\u00e9 Ignacio<\/td>\n<td style=\"width: 272.766px;\">1991, 92, 95<\/td>\n<\/tr>\n<tr>\n<td style=\"width: 537.234px;\">AXPE CIARDEGUI Jos\u00e9 Antonio<\/td>\n<td style=\"width: 272.766px;\">1993, 94<\/td>\n<\/tr>\n<tr>\n<td style=\"width: 537.234px;\">LECETA ABASOLO Andr\u00e9s<\/td>\n<td style=\"width: 272.766px;\">1996, 97, 98<\/td>\n<\/tr>\n<tr>\n<td style=\"width: 537.234px;\">UNZUETA ZABALETA Jos\u00e9 Luis<\/td>\n<td style=\"width: 272.766px;\">1999, 00, 01, 02<\/td>\n<\/tr>\n<tr>\n<td style=\"width: 537.234px;\">UNDAGOITIA MENDIBE Kepa<\/td>\n<td style=\"width: 272.766px;\">2003, 04, 05, 06<\/td>\n<\/tr>\n<tr>\n<td style=\"width: 537.234px;\">ETXEBARRIA UGARTE Jos\u00e9 Antonio<\/td>\n<td style=\"width: 272.766px;\">2007, 08<\/td>\n<\/tr>\n<tr>\n<td style=\"width: 537.234px;\">GARAI VITORIA Santiago<\/td>\n<td style=\"width: 272.766px;\">2009- 14 (6 urte)<\/td>\n<\/tr>\n<tr>\n<td style=\"width: 537.234px;\">MURGUZUR IRAETA Marisol<\/td>\n<td style=\"width: 272.766px;\">2015, 16<\/td>\n<\/tr>\n<tr>\n<td style=\"width: 537.234px;\">AGUIRIANO VELASCO \u00c1ngel Mar\u00eda<\/td>\n<td style=\"width: 272.766px;\">2017,18<\/td>\n<\/tr>\n<tr>\n<td style=\"width: 537.234px;\">MENDAROZKETA UGARTE Estibaliz<\/td>\n<td style=\"width: 272.766px;\">2019,2<\/td>\n<\/tr>\n<tr>\n<td style=\"width: 537.234px;\">MOLPECERES GONZALEZ Lurdes<\/td>\n<td style=\"width: 272.766px;\">2021,22<\/td>\n<\/tr>\n<tr>\n<td style=\"width: 537.234px;\">ARANA GARCIA DE CORTAZAR Esther<\/td>\n<td style=\"width: 272.766px;\">2023,24<\/td>\n<\/tr>\n<tr>\n<td style=\"width: 537.234px;\">INURRIA ORTUBAY Juan Ramon<\/td>\n<td style=\"width: 272.766px;\">2025,26<\/td>\n<\/tr>\n<\/tbody>\n<\/table>\n<p><\/p>\n","protected":false},"excerpt":{"rendered":"<p>Per\u00edodo 1950-2025 En los a\u00f1os anteriores a 1950 y seg\u00fan reflejan los libros de actas, los componentes \u00a0de las Juntas Directivas aparecen como vocales a excepci\u00f3n del Presidente. SAMPEDRO AZPIAZU Juan Mar\u00eda 1949- 54 ( 6 urte) AZKOAGA ALDANONDO Agust\u00edn 1955, 56 VELEZ DE MENDIZABAL ARANA Lucio 1957, 58, 59, 60 MARTINEZ LARRA\u00d1AGA Carlos 1961, [&hellip;]<\/p>\n","protected":false},"author":2,"featured_media":0,"parent":757,"menu_order":6,"comment_status":"closed","ping_status":"closed","template":"","meta":[],"yoast_head":"<!-- This site is optimized with the Yoast SEO plugin v16.1.1 - https:\/\/yoast.com\/wordpress\/plugins\/seo\/ -->\n<link rel=\"canonical\" href=\"https:\/\/www.sanfelipe.eus\/es\/sobre-nosotros\/historico\/diruzainak\/\" \/>\n<meta property=\"og:locale\" content=\"es_ES\" \/>\n<meta property=\"og:type\" content=\"article\" \/>\n<meta property=\"og:title\" content=\"Tesoreros - San Felipe Apostol\" \/>\n<meta property=\"og:description\" content=\"Per\u00edodo 1950-2025 En los a\u00f1os anteriores a 1950 y seg\u00fan reflejan los libros de actas, los componentes \u00a0de las Juntas Directivas aparecen como vocales a excepci\u00f3n del Presidente. SAMPEDRO AZPIAZU Juan Mar\u00eda 1949- 54 ( 6 urte) AZKOAGA ALDANONDO Agust\u00edn 1955, 56 VELEZ DE MENDIZABAL ARANA Lucio 1957, 58, 59, 60 MARTINEZ LARRA\u00d1AGA Carlos 1961, [&hellip;]\" \/>\n<meta property=\"og:url\" content=\"https:\/\/www.sanfelipe.eus\/es\/sobre-nosotros\/historico\/diruzainak\/\" \/>\n<meta property=\"og:site_name\" content=\"San Felipe Apostol\" \/>\n<meta property=\"article:modified_time\" content=\"2025-05-16T16:51:39+00:00\" \/>\n<meta name=\"twitter:card\" content=\"summary_large_image\" \/>\n<meta name=\"twitter:label1\" content=\"Tiempo de lectura\">\n\t<meta name=\"twitter:data1\" content=\"1 minuto\">\n<script type=\"application\/ld+json\" class=\"yoast-schema-graph\">{\"@context\":\"https:\/\/schema.org\",\"@graph\":[{\"@type\":\"WebSite\",\"@id\":\"https:\/\/www.sanfelipe.eus\/eu\/#website\",\"url\":\"https:\/\/www.sanfelipe.eus\/eu\/\",\"name\":\"San Felipe Apostol\",\"description\":\"Otro sitio realizado con WordPress\",\"potentialAction\":[{\"@type\":\"SearchAction\",\"target\":\"https:\/\/www.sanfelipe.eus\/eu\/?s={search_term_string}\",\"query-input\":\"required name=search_term_string\"}],\"inLanguage\":\"es\"},{\"@type\":\"WebPage\",\"@id\":\"https:\/\/www.sanfelipe.eus\/es\/sobre-nosotros\/historico\/diruzainak\/#webpage\",\"url\":\"https:\/\/www.sanfelipe.eus\/es\/sobre-nosotros\/historico\/diruzainak\/\",\"name\":\"Tesoreros - San Felipe Apostol\",\"isPartOf\":{\"@id\":\"https:\/\/www.sanfelipe.eus\/eu\/#website\"},\"datePublished\":\"2015-04-16T09:25:11+00:00\",\"dateModified\":\"2025-05-16T16:51:39+00:00\",\"breadcrumb\":{\"@id\":\"https:\/\/www.sanfelipe.eus\/es\/sobre-nosotros\/historico\/diruzainak\/#breadcrumb\"},\"inLanguage\":\"es\",\"potentialAction\":[{\"@type\":\"ReadAction\",\"target\":[\"https:\/\/www.sanfelipe.eus\/es\/sobre-nosotros\/historico\/diruzainak\/\"]}]},{\"@type\":\"BreadcrumbList\",\"@id\":\"https:\/\/www.sanfelipe.eus\/es\/sobre-nosotros\/historico\/diruzainak\/#breadcrumb\",\"itemListElement\":[{\"@type\":\"ListItem\",\"position\":1,\"item\":{\"@type\":\"WebPage\",\"@id\":\"https:\/\/www.sanfelipe.eus\/es\/\",\"url\":\"https:\/\/www.sanfelipe.eus\/es\/\",\"name\":\"Home\"}},{\"@type\":\"ListItem\",\"position\":2,\"item\":{\"@type\":\"WebPage\",\"@id\":\"https:\/\/www.sanfelipe.eus\/es\/sobre-nosotros\/\",\"url\":\"https:\/\/www.sanfelipe.eus\/es\/sobre-nosotros\/\",\"name\":\"SAN FELIPE\"}},{\"@type\":\"ListItem\",\"position\":3,\"item\":{\"@type\":\"WebPage\",\"@id\":\"https:\/\/www.sanfelipe.eus\/es\/sobre-nosotros\/historico\/\",\"url\":\"https:\/\/www.sanfelipe.eus\/es\/sobre-nosotros\/historico\/\",\"name\":\"Hist\\u00f3rico\"}},{\"@type\":\"ListItem\",\"position\":4,\"item\":{\"@type\":\"WebPage\",\"@id\":\"https:\/\/www.sanfelipe.eus\/es\/sobre-nosotros\/historico\/diruzainak\/\",\"url\":\"https:\/\/www.sanfelipe.eus\/es\/sobre-nosotros\/historico\/diruzainak\/\",\"name\":\"Tesoreros\"}}]}]}<\/script>\n<!-- \/ Yoast SEO plugin. -->","_links":{"self":[{"href":"https:\/\/www.sanfelipe.eus\/es\/wp-json\/wp\/v2\/pages\/742"}],"collection":[{"href":"https:\/\/www.sanfelipe.eus\/es\/wp-json\/wp\/v2\/pages"}],"about":[{"href":"https:\/\/www.sanfelipe.eus\/es\/wp-json\/wp\/v2\/types\/page"}],"author":[{"embeddable":true,"href":"https:\/\/www.sanfelipe.eus\/es\/wp-json\/wp\/v2\/users\/2"}],"replies":[{"embeddable":true,"href":"https:\/\/www.sanfelipe.eus\/es\/wp-json\/wp\/v2\/comments?post=742"}],"version-history":[{"count":11,"href":"https:\/\/www.sanfelipe.eus\/es\/wp-json\/wp\/v2\/pages\/742\/revisions"}],"predecessor-version":[{"id":11224,"href":"https:\/\/www.sanfelipe.eus\/es\/wp-json\/wp\/v2\/pages\/742\/revisions\/11224"}],"up":[{"embeddable":true,"href":"https:\/\/www.sanfelipe.eus\/es\/wp-json\/wp\/v2\/pages\/757"}],"wp:attachment":[{"href":"https:\/\/www.sanfelipe.eus\/es\/wp-json\/wp\/v2\/media?parent=742"}],"curies":[{"name":"wp","href":"https:\/\/api.w.org\/{rel}","templated":true}]}}