{"id":711,"date":"2015-04-16T08:56:43","date_gmt":"2015-04-16T08:56:43","guid":{"rendered":"https:\/\/www.sanfelipe.eus\/?page_id=711"},"modified":"2025-05-16T16:45:22","modified_gmt":"2025-05-16T16:45:22","slug":"lehendakariordea","status":"publish","type":"page","link":"https:\/\/www.sanfelipe.eus\/eu\/gutaz\/historikoa\/lehendakariordea\/","title":{"rendered":"Lehendakariordeak"},"content":{"rendered":"<h2 style=\"text-align: center;\">Denboraldia 1950-2025<\/h2>\n<p>Akta-liburuak erakusten dutenez 1950.urterarte izendatuta agertzen\u00a0den Zuzendaritza Batzordeko kargu bakarra, Lehendakaritza da,\u00a0beste guztiek Bokal bezala agertzen direlarik.<\/p>\n<table style=\"width: 828px;\" width=\"458\">\n<tbody>\n<tr>\n<td style=\"width: 429px;\" width=\"374\">LANDA GOMEZ F\u00e9lix<\/td>\n<td style=\"width: 399px;\" width=\"84\">1950, 51<\/td>\n<\/tr>\n<tr>\n<td style=\"width: 429px;\">ARANZABAL GANTXEGI Jos\u00e9 Mar\u00eda<\/td>\n<td style=\"width: 399px;\">1952, 53<\/td>\n<\/tr>\n<tr>\n<td style=\"width: 429px;\">YARZA ABALIA Gabino<\/td>\n<td style=\"width: 399px;\">1954, 55<\/td>\n<\/tr>\n<tr>\n<td style=\"width: 429px;\">SAGASTA UNZURRUNZAGA Vicente<\/td>\n<td style=\"width: 399px;\">1956,57<\/td>\n<\/tr>\n<tr>\n<td style=\"width: 429px;\">AMOZARRAIN OIANGUREN Jos\u00e9<\/td>\n<td style=\"width: 399px;\">1958,59<\/td>\n<\/tr>\n<tr>\n<td style=\"width: 429px;\">MURGUZUR YARZA Victor<\/td>\n<td style=\"width: 399px;\">1960,61<\/td>\n<\/tr>\n<tr>\n<td style=\"width: 429px;\">ETXEBARRIA AXPE Joaqu\u00edn<\/td>\n<td style=\"width: 399px;\">1962,63<\/td>\n<\/tr>\n<tr>\n<td style=\"width: 429px;\">OTADUI ASTOLA Jos\u00e9 Antonio<\/td>\n<td style=\"width: 399px;\">1964,65<\/td>\n<\/tr>\n<tr>\n<td style=\"width: 429px;\">GOROSABEL AMOZARRAIN Ricardo<\/td>\n<td style=\"width: 399px;\">1966,67<\/td>\n<\/tr>\n<tr>\n<td style=\"width: 429px;\">ARREGI DORRONSORO Sim\u00f3n<\/td>\n<td style=\"width: 399px;\">1968,69<\/td>\n<\/tr>\n<tr>\n<td style=\"width: 429px;\">ZUMELAGA OZAETA Pedro<\/td>\n<td style=\"width: 399px;\">1970,71<\/td>\n<\/tr>\n<tr>\n<td style=\"width: 429px;\">URRUTIA UGALDE Javier<\/td>\n<td style=\"width: 399px;\">1972,73<\/td>\n<\/tr>\n<tr>\n<td style=\"width: 429px;\">CASTELLANO SANZ Jos\u00e9<\/td>\n<td style=\"width: 399px;\">1974,75<\/td>\n<\/tr>\n<tr>\n<td style=\"width: 429px;\">MAIDAGAN MIOTA Luis Mar\u00eda<\/td>\n<td style=\"width: 399px;\">1976,77<\/td>\n<\/tr>\n<tr>\n<td style=\"width: 429px;\">BEDIA ARREGI Francisco<\/td>\n<td style=\"width: 399px;\">1978,79<\/td>\n<\/tr>\n<tr>\n<td style=\"width: 429px;\">LANDA URRUTIA Angel<\/td>\n<td style=\"width: 399px;\">1980,81<\/td>\n<\/tr>\n<tr>\n<td style=\"width: 429px;\">GORDOBIL CECIAGA Jos\u00e9 Ignacio<\/td>\n<td style=\"width: 399px;\">1982,83<\/td>\n<\/tr>\n<tr>\n<td style=\"width: 429px;\">LAGUNILLA ARREGI Emilio<\/td>\n<td style=\"width: 399px;\">1984,85<\/td>\n<\/tr>\n<tr>\n<td style=\"width: 429px;\">KINTANA SANTAMARINA Jos\u00e9 Antonio<\/td>\n<td style=\"width: 399px;\">1986,87<\/td>\n<\/tr>\n<tr>\n<td style=\"width: 429px;\">SAMPEDRO MADINA Juan Mar\u00eda<\/td>\n<td style=\"width: 399px;\">1988,89<\/td>\n<\/tr>\n<tr>\n<td style=\"width: 429px;\">BALERDI ARREGI Juan Pablo<\/td>\n<td style=\"width: 399px;\">1990,91<\/td>\n<\/tr>\n<tr>\n<td style=\"width: 429px;\">OTADUI ELORZA Pedro Esteban<\/td>\n<td style=\"width: 399px;\">1992,93<\/td>\n<\/tr>\n<tr>\n<td style=\"width: 429px;\">BOLINAGA ELORZA Iban<\/td>\n<td style=\"width: 399px;\">1994,95<\/td>\n<\/tr>\n<tr>\n<td style=\"width: 429px;\">URKIA IBABE Jos\u00e9 Ram\u00f3n<\/td>\n<td style=\"width: 399px;\">1996,97<\/td>\n<\/tr>\n<tr>\n<td style=\"width: 429px;\">MARTINEZ GARCIA DE EULATE Pedro<\/td>\n<td style=\"width: 399px;\">1998,99<\/td>\n<\/tr>\n<tr>\n<td style=\"width: 429px;\">MENDIETA GARAY Juan Ram\u00f3n<\/td>\n<td style=\"width: 399px;\">2000,01<\/td>\n<\/tr>\n<tr>\n<td style=\"width: 429px;\">GALDOS ALI\u00d1ETA Aitor<\/td>\n<td style=\"width: 399px;\">2002,03<\/td>\n<\/tr>\n<tr>\n<td style=\"width: 429px;\">KEREJETA GOROSTIZA I\u00f1aki<\/td>\n<td style=\"width: 399px;\">2004,05<\/td>\n<\/tr>\n<tr>\n<td style=\"width: 429px;\">SARASOLA ASTIGARRAGA Miguel Mar\u00eda<\/td>\n<td style=\"width: 399px;\">2006,07<\/td>\n<\/tr>\n<tr>\n<td style=\"width: 429px;\">SAN MIGUEL ZUBIETA\u00a0 Fernando<\/td>\n<td style=\"width: 399px;\">2008,09<\/td>\n<\/tr>\n<tr>\n<td style=\"width: 429px;\">ETXEBARRIARTEUN OKARANZA Luis<\/td>\n<td style=\"width: 399px;\">2010,11<\/td>\n<\/tr>\n<tr>\n<td style=\"width: 429px;\">AZKARATE LIZARRALDE Ram\u00f3n<\/td>\n<td style=\"width: 399px;\">2012,13<\/td>\n<\/tr>\n<tr>\n<td style=\"width: 429px;\">MURILLO CABALLERO\u00a0 Antonio<\/td>\n<td style=\"width: 399px;\">2014,15<\/td>\n<\/tr>\n<tr>\n<td style=\"width: 429px;\">MANGANA PORTEIRO Isabel<\/td>\n<td style=\"width: 399px;\">2016,17<\/td>\n<\/tr>\n<tr>\n<td style=\"width: 429px;\">BARRUTIABENGOA EZKURRA Jos\u00e9 Ignacio<\/td>\n<td style=\"width: 399px;\">2018,19<\/td>\n<\/tr>\n<tr>\n<td style=\"width: 429px;\">URIBARREN BENGOA Maria Jesus<\/td>\n<td style=\"width: 399px;\">2020,21<\/td>\n<\/tr>\n<tr>\n<td style=\"width: 429px;\">ARREGUI BALZATEGUI Isabel<\/td>\n<td style=\"width: 399px;\">2022,23<\/td>\n<\/tr>\n<tr>\n<td style=\"width: 429px;\">CORTABARRIA ACHA Raul<\/td>\n<td style=\"width: 399px;\">2024,25<\/td>\n<\/tr>\n<\/tbody>\n<\/table>\n<p><\/p>\n","protected":false},"excerpt":{"rendered":"<p>Denboraldia 1950-2025 Akta-liburuak erakusten dutenez 1950.urterarte izendatuta agertzen\u00a0den Zuzendaritza Batzordeko kargu bakarra, Lehendakaritza da,\u00a0beste guztiek Bokal bezala agertzen direlarik. LANDA GOMEZ F\u00e9lix 1950, 51 ARANZABAL GANTXEGI Jos\u00e9 Mar\u00eda 1952, 53 YARZA ABALIA Gabino 1954, 55 SAGASTA UNZURRUNZAGA Vicente 1956,57 AMOZARRAIN OIANGUREN Jos\u00e9 1958,59 MURGUZUR YARZA Victor 1960,61 ETXEBARRIA AXPE Joaqu\u00edn 1962,63 OTADUI ASTOLA Jos\u00e9 Antonio [&hellip;]<\/p>\n","protected":false},"author":2,"featured_media":0,"parent":755,"menu_order":4,"comment_status":"closed","ping_status":"closed","template":"","meta":[],"yoast_head":"<!-- This site is optimized with the Yoast SEO plugin v16.1.1 - https:\/\/yoast.com\/wordpress\/plugins\/seo\/ -->\n<link rel=\"canonical\" href=\"https:\/\/www.sanfelipe.eus\/eu\/gutaz\/historikoa\/lehendakariordea\/\" \/>\n<meta property=\"og:locale\" content=\"en_US\" \/>\n<meta property=\"og:type\" content=\"article\" \/>\n<meta property=\"og:title\" content=\"Lehendakariordeak - San Felipe Elkarlaguntza\" \/>\n<meta property=\"og:description\" content=\"Denboraldia 1950-2025 Akta-liburuak erakusten dutenez 1950.urterarte izendatuta agertzen\u00a0den Zuzendaritza Batzordeko kargu bakarra, Lehendakaritza da,\u00a0beste guztiek Bokal bezala agertzen direlarik. LANDA GOMEZ F\u00e9lix 1950, 51 ARANZABAL GANTXEGI Jos\u00e9 Mar\u00eda 1952, 53 YARZA ABALIA Gabino 1954, 55 SAGASTA UNZURRUNZAGA Vicente 1956,57 AMOZARRAIN OIANGUREN Jos\u00e9 1958,59 MURGUZUR YARZA Victor 1960,61 ETXEBARRIA AXPE Joaqu\u00edn 1962,63 OTADUI ASTOLA Jos\u00e9 Antonio [&hellip;]\" \/>\n<meta property=\"og:url\" content=\"https:\/\/www.sanfelipe.eus\/eu\/gutaz\/historikoa\/lehendakariordea\/\" \/>\n<meta property=\"og:site_name\" content=\"San Felipe Elkarlaguntza\" \/>\n<meta property=\"article:modified_time\" content=\"2025-05-16T16:45:22+00:00\" \/>\n<meta name=\"twitter:card\" content=\"summary_large_image\" \/>\n<meta name=\"twitter:label1\" content=\"Est. reading time\">\n\t<meta name=\"twitter:data1\" content=\"1 minutua\">\n<script type=\"application\/ld+json\" class=\"yoast-schema-graph\">{\"@context\":\"https:\/\/schema.org\",\"@graph\":[{\"@type\":\"WebSite\",\"@id\":\"https:\/\/www.sanfelipe.eus\/eu\/#website\",\"url\":\"https:\/\/www.sanfelipe.eus\/eu\/\",\"name\":\"San Felipe Elkarlaguntza\",\"description\":\"1898tik Debagoieneko elkarlaguntza\",\"potentialAction\":[{\"@type\":\"SearchAction\",\"target\":\"https:\/\/www.sanfelipe.eus\/eu\/?s={search_term_string}\",\"query-input\":\"required name=search_term_string\"}],\"inLanguage\":\"eu\"},{\"@type\":\"WebPage\",\"@id\":\"https:\/\/www.sanfelipe.eus\/eu\/gutaz\/historikoa\/lehendakariordea\/#webpage\",\"url\":\"https:\/\/www.sanfelipe.eus\/eu\/gutaz\/historikoa\/lehendakariordea\/\",\"name\":\"Lehendakariordeak - San Felipe Elkarlaguntza\",\"isPartOf\":{\"@id\":\"https:\/\/www.sanfelipe.eus\/eu\/#website\"},\"datePublished\":\"2015-04-16T08:56:43+00:00\",\"dateModified\":\"2025-05-16T16:45:22+00:00\",\"breadcrumb\":{\"@id\":\"https:\/\/www.sanfelipe.eus\/eu\/gutaz\/historikoa\/lehendakariordea\/#breadcrumb\"},\"inLanguage\":\"eu\",\"potentialAction\":[{\"@type\":\"ReadAction\",\"target\":[\"https:\/\/www.sanfelipe.eus\/eu\/gutaz\/historikoa\/lehendakariordea\/\"]}]},{\"@type\":\"BreadcrumbList\",\"@id\":\"https:\/\/www.sanfelipe.eus\/eu\/gutaz\/historikoa\/lehendakariordea\/#breadcrumb\",\"itemListElement\":[{\"@type\":\"ListItem\",\"position\":1,\"item\":{\"@type\":\"WebPage\",\"@id\":\"https:\/\/www.sanfelipe.eus\/eu\/\",\"url\":\"https:\/\/www.sanfelipe.eus\/eu\/\",\"name\":\"Home\"}},{\"@type\":\"ListItem\",\"position\":2,\"item\":{\"@type\":\"WebPage\",\"@id\":\"https:\/\/www.sanfelipe.eus\/eu\/gutaz\/\",\"url\":\"https:\/\/www.sanfelipe.eus\/eu\/gutaz\/\",\"name\":\"ELKARLAGUNTZA\"}},{\"@type\":\"ListItem\",\"position\":3,\"item\":{\"@type\":\"WebPage\",\"@id\":\"https:\/\/www.sanfelipe.eus\/eu\/gutaz\/historikoa\/\",\"url\":\"https:\/\/www.sanfelipe.eus\/eu\/gutaz\/historikoa\/\",\"name\":\"Historikoa\"}},{\"@type\":\"ListItem\",\"position\":4,\"item\":{\"@type\":\"WebPage\",\"@id\":\"https:\/\/www.sanfelipe.eus\/eu\/gutaz\/historikoa\/lehendakariordea\/\",\"url\":\"https:\/\/www.sanfelipe.eus\/eu\/gutaz\/historikoa\/lehendakariordea\/\",\"name\":\"Lehendakariordeak\"}}]}]}<\/script>\n<!-- \/ Yoast SEO plugin. -->","_links":{"self":[{"href":"https:\/\/www.sanfelipe.eus\/eu\/wp-json\/wp\/v2\/pages\/711"}],"collection":[{"href":"https:\/\/www.sanfelipe.eus\/eu\/wp-json\/wp\/v2\/pages"}],"about":[{"href":"https:\/\/www.sanfelipe.eus\/eu\/wp-json\/wp\/v2\/types\/page"}],"author":[{"embeddable":true,"href":"https:\/\/www.sanfelipe.eus\/eu\/wp-json\/wp\/v2\/users\/2"}],"replies":[{"embeddable":true,"href":"https:\/\/www.sanfelipe.eus\/eu\/wp-json\/wp\/v2\/comments?post=711"}],"version-history":[{"count":16,"href":"https:\/\/www.sanfelipe.eus\/eu\/wp-json\/wp\/v2\/pages\/711\/revisions"}],"predecessor-version":[{"id":11218,"href":"https:\/\/www.sanfelipe.eus\/eu\/wp-json\/wp\/v2\/pages\/711\/revisions\/11218"}],"up":[{"embeddable":true,"href":"https:\/\/www.sanfelipe.eus\/eu\/wp-json\/wp\/v2\/pages\/755"}],"wp:attachment":[{"href":"https:\/\/www.sanfelipe.eus\/eu\/wp-json\/wp\/v2\/media?parent=711"}],"curies":[{"name":"wp","href":"https:\/\/api.w.org\/{rel}","templated":true}]}}