{"id":722,"date":"2015-04-16T09:25:11","date_gmt":"2015-04-16T09:25:11","guid":{"rendered":"https:\/\/www.sanfelipe.eus\/?page_id=722"},"modified":"2025-05-16T16:51:12","modified_gmt":"2025-05-16T16:51:12","slug":"diruzainak","status":"publish","type":"page","link":"https:\/\/www.sanfelipe.eus\/eu\/gutaz\/historikoa\/diruzainak\/","title":{"rendered":"Diruzainak"},"content":{"rendered":"<h2 style=\"text-align: center;\">Denboraldia 1950-2025<\/h2>\n<p>Akta-liburuak erakusten dutenez 1950.urterarte izendatuta agertzen \u00a0den Zuzendaritza Batzordeko kargu bakarra, Lehendakaritza da, \u00a0beste guztiek Bokal bezala agertzen direlarik.<\/p>\n<p>\u00a0<\/p>\n\n\n<figure class=\"wp-block-table\"><table><tbody><tr><td>SAMPEDRO AZPIAZU Juan Mar\u00eda<\/td><td>1949- 54 ( 6 urte)<\/td><\/tr><tr><td>AZKOAGA ALDANONDO Agust\u00edn<\/td><td>1955, 56<\/td><\/tr><tr><td>VELEZ DE MENDIZABAL ARANA Lucio<\/td><td>1957, 58, 59, 60<\/td><\/tr><tr><td>MARTINEZ LARRA\u00d1AGA Carlos<\/td><td>1961, 62<\/td><\/tr><tr><td>LOPEZ DE ARETXAGA AGIRREGABIRIA Luis&nbsp;<\/td><td>1963, 64<\/td><\/tr><tr><td>GARCIA AGIRRE Sim\u00f3n<\/td><td>1965, 66<\/td><\/tr><tr><td>ARREGI ERGUIN Eugenio<\/td><td>1967, 68<\/td><\/tr><tr><td>ZABALA NABARRO Doroteo&nbsp;<\/td><td>1969, 70<\/td><\/tr><tr><td>LEIBAR MENDIZABAL Jos\u00e9 Antonio<\/td><td>1971, 72<\/td><\/tr><tr><td>KINTANA SANTAMARINA Francisco&nbsp;<\/td><td>1973, 74<\/td><\/tr><tr><td>ARANBURU BIDABURU Manuel<\/td><td>1975, 76<\/td><\/tr><tr><td>AZKOAGA AIASTUI Jos\u00e9 Mar\u00eda<\/td><td>1977, 78<\/td><\/tr><tr><td>ZUBILLAGA ZABARTE Ignacio<\/td><td>1979, 80<\/td><\/tr><tr><td>BALANZATEGI ARRAZOLA Jos\u00e9 Mar\u00eda<\/td><td>1981, 82<\/td><\/tr><tr><td>IGOA GARCIANDIA Antonio<\/td><td>1983, 84<\/td><\/tr><tr><td>MADINABEITIA BARANDIARAN Antonio<\/td><td>1985, 86<\/td><\/tr><tr><td>ORUE LETE Jos\u00e9 Ram\u00f3n<\/td><td>1987, 88<\/td><\/tr><tr><td>ELORZA ARANA Roberto<\/td><td>1989, 90<\/td><\/tr><tr><td>ZAITEGI GARAI Jos\u00e9 Ignacio&nbsp;<\/td><td>1991, 92, 95<\/td><\/tr><tr><td>AXPE CIARDEGUI Jos\u00e9 Antonio<\/td><td>1993, 94<\/td><\/tr><tr><td>LECETA ABASOLO Andr\u00e9s&nbsp;<\/td><td>1996, 97, 98<\/td><\/tr><tr><td>UNZUETA ZABALETA Jos\u00e9 Luis<\/td><td>1999, 00, 01, 02<\/td><\/tr><tr><td>UNDAGOITIA MENDIBE Kepa&nbsp;<\/td><td>2003, 04, 05, 06<\/td><\/tr><tr><td>ETXEBARRIA UGARTE Jos\u00e9 Antonio&nbsp;<\/td><td>2007, 08<\/td><\/tr><tr><td>GARAI VITORIA Santiago<\/td><td>2009- 14 (6 urte)<\/td><\/tr><tr><td>MURGUZUR IRAETA Marisol<\/td><td>2015, 16<\/td><\/tr><tr><td>AGUIRIANO VELASCO \u00c1ngel Mar\u00eda<\/td><td>2017,18<\/td><\/tr><tr><td>MENDAROZKETA UGARTE Estibaliz<\/td><td>2019,2<\/td><\/tr><tr><td>MOLPECERES GONZALEZ Lurdes<\/td><td>2021,22<\/td><\/tr><tr><td>ARANA GARCIA DE CORTAZAR Esther<\/td><td>2023,24<\/td><\/tr><tr><td>INURRIA ORTUBAY Juan Ramon<\/td><td>2025,26<\/td><\/tr><\/tbody><\/table><\/figure>\n","protected":false},"excerpt":{"rendered":"<p>Denboraldia 1950-2025 Akta-liburuak erakusten dutenez 1950.urterarte izendatuta agertzen \u00a0den Zuzendaritza Batzordeko kargu bakarra, Lehendakaritza da, \u00a0beste guztiek Bokal bezala agertzen direlarik. \u00a0 SAMPEDRO AZPIAZU Juan Mar\u00eda 1949- 54 ( 6 urte) AZKOAGA ALDANONDO Agust\u00edn 1955, 56 VELEZ DE MENDIZABAL ARANA Lucio 1957, 58, 59, 60 MARTINEZ LARRA\u00d1AGA Carlos 1961, 62 LOPEZ DE ARETXAGA AGIRREGABIRIA Luis&nbsp; [&hellip;]<\/p>\n","protected":false},"author":2,"featured_media":0,"parent":755,"menu_order":6,"comment_status":"closed","ping_status":"closed","template":"","meta":[],"yoast_head":"<!-- This site is optimized with the Yoast SEO plugin v16.1.1 - https:\/\/yoast.com\/wordpress\/plugins\/seo\/ -->\n<link rel=\"canonical\" href=\"https:\/\/www.sanfelipe.eus\/eu\/gutaz\/historikoa\/diruzainak\/\" \/>\n<meta property=\"og:locale\" content=\"en_US\" \/>\n<meta property=\"og:type\" content=\"article\" \/>\n<meta property=\"og:title\" content=\"Diruzainak - San Felipe Elkarlaguntza\" \/>\n<meta property=\"og:description\" content=\"Denboraldia 1950-2025 Akta-liburuak erakusten dutenez 1950.urterarte izendatuta agertzen \u00a0den Zuzendaritza Batzordeko kargu bakarra, Lehendakaritza da, \u00a0beste guztiek Bokal bezala agertzen direlarik. \u00a0 SAMPEDRO AZPIAZU Juan Mar\u00eda 1949- 54 ( 6 urte) AZKOAGA ALDANONDO Agust\u00edn 1955, 56 VELEZ DE MENDIZABAL ARANA Lucio 1957, 58, 59, 60 MARTINEZ LARRA\u00d1AGA Carlos 1961, 62 LOPEZ DE ARETXAGA AGIRREGABIRIA Luis&nbsp; [&hellip;]\" \/>\n<meta property=\"og:url\" content=\"https:\/\/www.sanfelipe.eus\/eu\/gutaz\/historikoa\/diruzainak\/\" \/>\n<meta property=\"og:site_name\" content=\"San Felipe Elkarlaguntza\" \/>\n<meta property=\"article:modified_time\" content=\"2025-05-16T16:51:12+00:00\" \/>\n<meta name=\"twitter:card\" content=\"summary_large_image\" \/>\n<meta name=\"twitter:label1\" content=\"Est. reading time\">\n\t<meta name=\"twitter:data1\" content=\"1 minutua\">\n<script type=\"application\/ld+json\" class=\"yoast-schema-graph\">{\"@context\":\"https:\/\/schema.org\",\"@graph\":[{\"@type\":\"WebSite\",\"@id\":\"https:\/\/www.sanfelipe.eus\/eu\/#website\",\"url\":\"https:\/\/www.sanfelipe.eus\/eu\/\",\"name\":\"San Felipe Elkarlaguntza\",\"description\":\"1898tik Debagoieneko elkarlaguntza\",\"potentialAction\":[{\"@type\":\"SearchAction\",\"target\":\"https:\/\/www.sanfelipe.eus\/eu\/?s={search_term_string}\",\"query-input\":\"required name=search_term_string\"}],\"inLanguage\":\"eu\"},{\"@type\":\"WebPage\",\"@id\":\"https:\/\/www.sanfelipe.eus\/eu\/gutaz\/historikoa\/diruzainak\/#webpage\",\"url\":\"https:\/\/www.sanfelipe.eus\/eu\/gutaz\/historikoa\/diruzainak\/\",\"name\":\"Diruzainak - San Felipe Elkarlaguntza\",\"isPartOf\":{\"@id\":\"https:\/\/www.sanfelipe.eus\/eu\/#website\"},\"datePublished\":\"2015-04-16T09:25:11+00:00\",\"dateModified\":\"2025-05-16T16:51:12+00:00\",\"breadcrumb\":{\"@id\":\"https:\/\/www.sanfelipe.eus\/eu\/gutaz\/historikoa\/diruzainak\/#breadcrumb\"},\"inLanguage\":\"eu\",\"potentialAction\":[{\"@type\":\"ReadAction\",\"target\":[\"https:\/\/www.sanfelipe.eus\/eu\/gutaz\/historikoa\/diruzainak\/\"]}]},{\"@type\":\"BreadcrumbList\",\"@id\":\"https:\/\/www.sanfelipe.eus\/eu\/gutaz\/historikoa\/diruzainak\/#breadcrumb\",\"itemListElement\":[{\"@type\":\"ListItem\",\"position\":1,\"item\":{\"@type\":\"WebPage\",\"@id\":\"https:\/\/www.sanfelipe.eus\/eu\/\",\"url\":\"https:\/\/www.sanfelipe.eus\/eu\/\",\"name\":\"Home\"}},{\"@type\":\"ListItem\",\"position\":2,\"item\":{\"@type\":\"WebPage\",\"@id\":\"https:\/\/www.sanfelipe.eus\/eu\/gutaz\/\",\"url\":\"https:\/\/www.sanfelipe.eus\/eu\/gutaz\/\",\"name\":\"ELKARLAGUNTZA\"}},{\"@type\":\"ListItem\",\"position\":3,\"item\":{\"@type\":\"WebPage\",\"@id\":\"https:\/\/www.sanfelipe.eus\/eu\/gutaz\/historikoa\/\",\"url\":\"https:\/\/www.sanfelipe.eus\/eu\/gutaz\/historikoa\/\",\"name\":\"Historikoa\"}},{\"@type\":\"ListItem\",\"position\":4,\"item\":{\"@type\":\"WebPage\",\"@id\":\"https:\/\/www.sanfelipe.eus\/eu\/gutaz\/historikoa\/diruzainak\/\",\"url\":\"https:\/\/www.sanfelipe.eus\/eu\/gutaz\/historikoa\/diruzainak\/\",\"name\":\"Diruzainak\"}}]}]}<\/script>\n<!-- \/ Yoast SEO plugin. -->","_links":{"self":[{"href":"https:\/\/www.sanfelipe.eus\/eu\/wp-json\/wp\/v2\/pages\/722"}],"collection":[{"href":"https:\/\/www.sanfelipe.eus\/eu\/wp-json\/wp\/v2\/pages"}],"about":[{"href":"https:\/\/www.sanfelipe.eus\/eu\/wp-json\/wp\/v2\/types\/page"}],"author":[{"embeddable":true,"href":"https:\/\/www.sanfelipe.eus\/eu\/wp-json\/wp\/v2\/users\/2"}],"replies":[{"embeddable":true,"href":"https:\/\/www.sanfelipe.eus\/eu\/wp-json\/wp\/v2\/comments?post=722"}],"version-history":[{"count":17,"href":"https:\/\/www.sanfelipe.eus\/eu\/wp-json\/wp\/v2\/pages\/722\/revisions"}],"predecessor-version":[{"id":11223,"href":"https:\/\/www.sanfelipe.eus\/eu\/wp-json\/wp\/v2\/pages\/722\/revisions\/11223"}],"up":[{"embeddable":true,"href":"https:\/\/www.sanfelipe.eus\/eu\/wp-json\/wp\/v2\/pages\/755"}],"wp:attachment":[{"href":"https:\/\/www.sanfelipe.eus\/eu\/wp-json\/wp\/v2\/media?parent=722"}],"curies":[{"name":"wp","href":"https:\/\/api.w.org\/{rel}","templated":true}]}}